{"id":100,"date":"2023-07-03T16:37:16","date_gmt":"2023-07-03T19:37:16","guid":{"rendered":"https:\/\/miguelsilvaseguros.com\/?page_id=100"},"modified":"2023-07-05T19:38:03","modified_gmt":"2023-07-05T22:38:03","slug":"seguro-de-incendio","status":"publish","type":"page","link":"https:\/\/miguelsilvaseguros.com\/index.php\/seguro-de-incendio\/","title":{"rendered":"Seguro de Incendio"},"content":{"rendered":"\n<div class=\"guten-element guten-accordions guten-jGxB7d\"><\/div>\n\n\n\n<div class=\"guten-element guten-accordions guten-liuK6j\"><\/div>\n\n\n\n<div class=\"guten-element guten-accordions guten-JoyV3W\"><\/div>\n\n\n\n<div class=\"guten-element guten-tabs guten-OL4Rq4 horizontal\"><div class=\"tab-heading\"><div class=\"tab-heading-item active\" id=\"v52DPj\" data-id=\"v52DPj\"><span><strong>Incendio de Vivienda<\/strong><\/span><\/div><div class=\"tab-heading-item\" id=\"scEJ2o\" data-id=\"scEJ2o\"><span><strong>Incendio P\u00f3liza Ley<\/strong><\/span><\/div><div class=\"tab-heading-item\" id=\"hXWZgj\" data-id=\"hXWZgj\"><span><strong>Incendio<\/strong> <strong>Edificio<\/strong><\/span><\/div><\/div><div class=\"tab-heading-mobile\"><div class=\"tab-title\"><span><strong>Incendio de Vivienda<\/strong><\/span><i class=\"tab-dropdown-icon fas\"><\/i><\/div><div class=\"tab-option\"><div data-id=\"v52DPj\" class=\"tab-option-item active\"><span><strong>Incendio de Vivienda<\/strong><\/span><\/div><div data-id=\"scEJ2o\" class=\"tab-option-item\"><span><strong>Incendio P\u00f3liza Ley<\/strong><\/span><\/div><div data-id=\"hXWZgj\" class=\"tab-option-item\"><span><strong>Incendio<\/strong> <strong>Edificio<\/strong><\/span><\/div><\/div><\/div><div class=\"tab-body\">\n<div class=\"v52DPj tab-body-item\" data-id=\"v52DPj\">\n<p>Cobertura de Incendio para la vivienda, tanto para el contenido como para el edificio.<\/p>\n\n\n\n<div class=\"guten-element guten-accordions guten-CgG666\">\n<div class=\"accordion-item\"><div class=\"accordion-heading\"><div class=\"accordion-icon\"><span class=\"accordion-icon-open\"><i class=\"fas fa-minus\"><\/i><\/span><span class=\"accordion-icon-closed\"><i class=\"fas fa-plus\"><\/i><\/span><\/div><span class=\"accordion-text\">Descripci\u00f3n<\/span><\/div><div class=\"accordion-body\"><div class=\"accordion-content\">\n<p>Con este seguro flexible pod\u00e9s asegurar el edificio y contenido de tu vivienda eligiendo los riesgos que quer\u00e9s cubrir.<\/p>\n\n\n\n<p>Se cubren todas las partes de la edificaci\u00f3n, aunque \u00e9stas sean subterr\u00e1neas (excluyendo los cimientos) y el contenido normal de una vivienda (muebles, enseres dom\u00e9sticos y efectos personales que pertenezcan al Asegurado y\/o a personas que residan con \u00e9l en forma permanente).\u00a0<\/p>\n<\/div><\/div><\/div>\n\n\n\n<div class=\"accordion-item\"><div class=\"accordion-heading\"><div class=\"accordion-icon\"><span class=\"accordion-icon-open\"><i class=\"fas fa-minus\"><\/i><\/span><span class=\"accordion-icon-closed\"><i class=\"fas fa-plus\"><\/i><\/span><\/div><span class=\"accordion-text\">Da\u00f1os Cubiertos<\/span><\/div><div class=\"accordion-body\"><div class=\"accordion-content\">\n<ul class=\"wp-block-list\">\n<li>Da\u00f1os por fuego<\/li>\n\n\n\n<li>Da\u00f1os por el agua u otros elementos de extinci\u00f3n.<\/li>\n\n\n\n<li>Da\u00f1os causados por el humo del incendio. Elevaci\u00f3n de temperatura a consecuencia de incendio.<\/li>\n\n\n\n<li>Explosi\u00f3n de aparatos de uso dom\u00e9stico proveniente del edificio asegurado (calefones, garrafas, ca\u00f1er\u00edas de gas).<\/li>\n\n\n\n<li>Da\u00f1os por ca\u00edda de rayo sobre el inmueble asegurado o que contenga los bienes cubiertos.<\/li>\n\n\n\n<li>Incendio o da\u00f1os materiales causados directamente por tumulto o alboroto popular o movimiento huelgu\u00edstico.<\/li>\n\n\n\n<li>Da\u00f1os a consecuencia directa de huracanes, tornados, tempestades o granizada.<\/li>\n\n\n\n<li>Da\u00f1os a los bienes por precipitaci\u00f3n de aviones y embestida de veh\u00edculos<\/li>\n\n\n\n<li>Da\u00f1os a cristales a consecuencia de tumulto, huracanes, tornados, tempestades o granizada.<\/li>\n\n\n\n<li>Remoci\u00f3n de escombros y limpieza de restos a consecuencia de un siniestro<\/li>\n<\/ul>\n\n\n\n<p>Si contrat\u00e1s la cobertura con todos los adicionales indicados (prima paquete), recibir\u00e1s un descuento en el costo del seguro.<\/p>\n\n\n\n<p><strong>Coberturas opcionales<\/strong><\/p>\n\n\n\n<p>Por un costo muy accesible puedes incluir tambi\u00e9n:&nbsp;<\/p>\n\n\n\n<ul class=\"wp-block-list\">\n<li>Da\u00f1os originados por crecientes o desbordes de r\u00edos, arroyos, lagos o cursos de agua, desbordes de cloacas y obstrucci\u00f3n de ca\u00f1er\u00edas por exceso de lluvias<\/li>\n\n\n\n<li>Da\u00f1os que sufran los bienes debido al humo de incendio ocasionado fuera del edificio<\/li>\n\n\n\n<li>Da\u00f1os ocasionados a causa de terremoto<\/li>\n\n\n\n<li>P\u00e9rdida de alquileres<\/li>\n\n\n\n<li>Ampliaci\u00f3n de capital para remoci\u00f3n de escombros y limpieza de restos&nbsp;&nbsp;<\/li>\n\n\n\n<li>Responsabilidad Civil del Asegurado y\/o familiares que residan con \u00e9l<\/li>\n\n\n\n<li>Responsabilidad Civil por &nbsp;da\u00f1os materiales a bienes de terceros a consecuencia de Incendio y\/o Explosi\u00f3n&nbsp;<\/li>\n\n\n\n<li>Rotura de cristales ubicados en el edificio asegurado<\/li>\n<\/ul>\n<\/div><\/div><\/div>\n\n\n\n<div class=\"accordion-item\"><div class=\"accordion-heading\"><div class=\"accordion-icon\"><span class=\"accordion-icon-open\"><i class=\"fas fa-minus\"><\/i><\/span><span class=\"accordion-icon-closed\"><i class=\"fas fa-plus\"><\/i><\/span><\/div><span class=\"accordion-text\">Beneficios<\/span><\/div><div class=\"accordion-body\"><div class=\"accordion-content\">\n<p><strong>Promociones<\/strong><\/p>\n\n\n\n<p>Consult\u00e1 por promociones espec\u00edficas:&nbsp;<\/p>\n\n\n\n<ul class=\"wp-block-list\">\n<li>Pensionistas del BSE<\/li>\n\n\n\n<li>Relacionadas a pr\u00e9stamos hipotecarios del BROU<\/li>\n\n\n\n<li>Vinculados a CUTCSA<\/li>\n<\/ul>\n<\/div><\/div><\/div>\n\n\n\n<div class=\"accordion-item\"><div class=\"accordion-heading\"><div class=\"accordion-icon\"><span class=\"accordion-icon-open\"><i class=\"fas fa-minus\"><\/i><\/span><span class=\"accordion-icon-closed\"><i class=\"fas fa-plus\"><\/i><\/span><\/div><span class=\"accordion-text\">Suscripci\u00f3n y forma de pago<\/span><\/div><div class=\"accordion-body\"><div class=\"accordion-content\">\n<p><strong>Vigencia<\/strong><\/p>\n\n\n\n<p>Pod\u00e9s contratar el seguro en forma anual o por per\u00edodos<\/p>\n\n\n\n<p><strong>Forma de pago<\/strong><\/p>\n\n\n\n<p>Pod\u00e9s pagar tu factura a trav\u00e9s de:<\/p>\n\n\n\n<p>D\u00e9bito bancario:<\/p>\n\n\n\n<ul class=\"wp-block-list\">\n<li>BANCO BANDES<\/li>\n\n\n\n<li>BANCO SANTANDER<\/li>\n\n\n\n<li>BANCO ITA\u00da<\/li>\n\n\n\n<li>BBVA BANK<\/li>\n\n\n\n<li>B.R.O.U.<\/li>\n\n\n\n<li>CITIBANK<\/li>\n\n\n\n<li>SCOTIA BANK<\/li>\n\n\n\n<li>HSBC<\/li>\n<\/ul>\n\n\n\n<p>D\u00e9bito por tarjeta de cr\u00e9dito:<\/p>\n\n\n\n<ul class=\"wp-block-list\">\n<li>CABAL<\/li>\n\n\n\n<li>DINERS CLUB INTERNACIONAL S.A.<\/li>\n\n\n\n<li>MASTER CARD<\/li>\n\n\n\n<li>OCA CARD<\/li>\n\n\n\n<li>VISA<\/li>\n<\/ul>\n\n\n\n<p>Cobranza en locales:<\/p>\n\n\n\n<ul class=\"wp-block-list\">\n<li>BSE: CASA CENTRAL Y DEPENDENCIAS<\/li>\n\n\n\n<li>LOCALES DE CORREO (CORREO BANC)<\/li>\n\n\n\n<li>RED ABITAB<\/li>\n\n\n\n<li>RED PAGOS<\/li>\n\n\n\n<li>URUPAGO<\/li>\n<\/ul>\n\n\n\n<p>Pagos electr\u00f3nicos:<\/p>\n\n\n\n<ul class=\"wp-block-list\">\n<li>BANRED<\/li>\n\n\n\n<li>e-BROU<\/li>\n\n\n\n<li>VISANET PAGOS<\/li>\n<\/ul>\n\n\n\n<p>&nbsp;&nbsp;&nbsp;Nota: Consult\u00e1 por financiaci\u00f3n de este seguro<\/p>\n\n\n\n<p>\u00a0<\/p>\n<\/div><\/div><\/div>\n\n\n\n<div class=\"accordion-item\"><div class=\"accordion-heading\"><div class=\"accordion-icon\"><span class=\"accordion-icon-open\"><i class=\"fas fa-minus\"><\/i><\/span><span class=\"accordion-icon-closed\"><i class=\"fas fa-plus\"><\/i><\/span><\/div><span class=\"accordion-text\">Formularios y Condiciones Generales de la P\u00f3liza<\/span><\/div><div class=\"accordion-body\"><div class=\"accordion-content\">\n<p><a href=\"https:\/\/www.bse.com.uy\/wps\/wcm\/connect\/6bffa89a-d236-44d7-add5-e19c56784ac0\/01816-INCVIV-Incendio-Solicitud-de-seguro-Incendio-Vivienda.pdf?MOD=AJPERES&amp;ContentCache=NONE&amp;CACHE=NONE&amp;CVID=ogluwWS\" target=\"_blank\" rel=\"noreferrer noopener\">Formulario<\/a><\/p>\n\n\n\n<p><a href=\"https:\/\/www.bse.com.uy\/wps\/wcm\/connect\/45c70619-f985-4fd0-878f-40639eaed270\/03375-Incendio-Condiciones+Generales+Incendio+Seguro+B%C3%A1sico.pdf?MOD=AJPERES&amp;ContentCache=NONE&amp;CACHE=NONE&amp;CVID=oaynmwy\" target=\"_blank\" rel=\"noreferrer noopener\">Condiciones&nbsp;Generales&nbsp;de&nbsp;la&nbsp;P\u00f3liza<\/a><\/p>\n<\/div><\/div><\/div>\n<\/div>\n<\/div>\n\n\n\n<div class=\"scEJ2o tab-body-item\" data-id=\"scEJ2o\">\n<p>Brinda cobertura de Incendio a propiedades horizontales que se encuentran en proceso de venta hasta el momento de su ocupaci\u00f3n.<\/p>\n\n\n\n<div class=\"guten-element guten-accordions guten-MLTAdz\">\n<div class=\"accordion-item\"><div class=\"accordion-heading\"><div class=\"accordion-icon\"><span class=\"accordion-icon-open\"><i class=\"fas fa-minus\"><\/i><\/span><span class=\"accordion-icon-closed\"><i class=\"fas fa-plus\"><\/i><\/span><\/div><span class=\"accordion-text\">Descripci\u00f3n<\/span><\/div><div class=\"accordion-body\"><div class=\"accordion-content\">\n<p>Las propiedades que se encuentran en proceso de venta deben contar obligatoriamente con seguro de Incendio hasta la ocupaci\u00f3n de la misma seg\u00fan la ley &nbsp;10751.<\/p>\n\n\n\n<p>Este seguro se contrata solamente para propiedades horizontales y no admite la cobertura de otros riesgos.&nbsp;&nbsp;<\/p>\n<\/div><\/div><\/div>\n\n\n\n<div class=\"accordion-item\"><div class=\"accordion-heading\"><div class=\"accordion-icon\"><span class=\"accordion-icon-open\"><i class=\"fas fa-minus\"><\/i><\/span><span class=\"accordion-icon-closed\"><i class=\"fas fa-plus\"><\/i><\/span><\/div><span class=\"accordion-text\">Suscripci\u00f3n y forma de pago<\/span><\/div><div class=\"accordion-body\"><div class=\"accordion-content\">\n<p><strong>Vigencia<\/strong><\/p>\n\n\n\n<p>Anual<\/p>\n\n\n\n<p><strong>Forma de pago<\/strong><\/p>\n\n\n\n<p>Pod\u00e9s pagar tu factura a trav\u00e9s de:<\/p>\n\n\n\n<p>D\u00e9bito bancario:<\/p>\n\n\n\n<ul class=\"wp-block-list\">\n<li>BANCO BANDES<\/li>\n\n\n\n<li>BANCO SANTANDER<\/li>\n\n\n\n<li>BANCO ITA\u00da<\/li>\n\n\n\n<li>BBVA BANK<\/li>\n\n\n\n<li>B.R.O.U.<\/li>\n\n\n\n<li>CITIBANK<\/li>\n\n\n\n<li>SCOTIA BANK<\/li>\n\n\n\n<li>HSBC<\/li>\n<\/ul>\n\n\n\n<p>D\u00e9bito por tarjeta de cr\u00e9dito:<\/p>\n\n\n\n<ul class=\"wp-block-list\">\n<li>CABAL<\/li>\n\n\n\n<li>DINERS CLUB INTERNACIONAL S.A.<\/li>\n\n\n\n<li>MASTER CARD<\/li>\n\n\n\n<li>OCA CARD<\/li>\n\n\n\n<li>VISA<\/li>\n<\/ul>\n\n\n\n<p>Cobranza en locales:<\/p>\n\n\n\n<ul class=\"wp-block-list\">\n<li>BSE: CASA CENTRAL Y DEPENDENCIAS<\/li>\n\n\n\n<li>LOCALES DE CORREO (CORREO BANC)<\/li>\n\n\n\n<li>RED ABITAB<\/li>\n\n\n\n<li>RED PAGOS<\/li>\n\n\n\n<li>URUPAGO<\/li>\n<\/ul>\n\n\n\n<p>Pagos electr\u00f3nicos:<\/p>\n\n\n\n<ul class=\"wp-block-list\">\n<li>BANRED<\/li>\n\n\n\n<li>e-BROU<\/li>\n\n\n\n<li>VISANET PAGOS<\/li>\n<\/ul>\n\n\n\n<p>\u00a0\u00a0\u00a0Nota: Consult\u00e1 por financiaci\u00f3n de este seguro.<\/p>\n<\/div><\/div><\/div>\n\n\n\n<div class=\"accordion-item\"><div class=\"accordion-heading\"><div class=\"accordion-icon\"><span class=\"accordion-icon-open\"><i class=\"fas fa-minus\"><\/i><\/span><span class=\"accordion-icon-closed\"><i class=\"fas fa-plus\"><\/i><\/span><\/div><span class=\"accordion-text\">Formularios y Condiciones Generales de la P\u00f3liza<\/span><\/div><div class=\"accordion-body\"><div class=\"accordion-content\">\n<p><a href=\"https:\/\/www.bse.com.uy\/wps\/wcm\/connect\/4af7f0a7-2d68-4a9b-aefb-07abf4002382\/00727-INCLEY+-+09+-+Incendio+-+Solicitud+de+seguro+-+Incendio+Seguro+Basico+-+2018+AGO+-+logo+color.pdf?MOD=AJPERES&amp;ContentCache=NONE&amp;CACHE=NONE&amp;CVID=o1DdbkO\" target=\"_blank\" rel=\"noreferrer noopener\">Formulario<\/a><\/p>\n\n\n\n<p><a href=\"https:\/\/www.bse.com.uy\/wps\/wcm\/connect\/39b6c56c-cc43-46a0-a319-7fed60b248b2\/03273-Incendio-Condiciones+Generales+Incendio+Empresa-1.pdf?MOD=AJPERES&amp;ContentCache=NONE&amp;CACHE=NONE&amp;CVID=nPIBBZX\" target=\"_blank\" rel=\"noreferrer noopener\">Condiciones&nbsp;Generales&nbsp;de&nbsp;la&nbsp;P\u00f3liza<\/a><\/p>\n<\/div><\/div><\/div>\n<\/div>\n<\/div>\n\n\n\n<div class=\"hXWZgj tab-body-item\" data-id=\"hXWZgj\">\n<p>Cobertura contra incendio que ampara a todos los apartamentos de un edificio.<\/p>\n\n\n\n<div class=\"guten-element guten-accordions guten-Q1UuZh\">\n<div class=\"accordion-item\"><div class=\"accordion-heading\"><div class=\"accordion-icon\"><span class=\"accordion-icon-open\"><i class=\"fas fa-minus\"><\/i><\/span><span class=\"accordion-icon-closed\"><i class=\"fas fa-plus\"><\/i><\/span><\/div><span class=\"accordion-text\">Descripci\u00f3n<\/span><\/div><div class=\"accordion-body\"><div class=\"accordion-content\">\n<p>Con este seguro flexible pod\u00e9s asegurar los edificios en propiedad horizontal eligiendo los riesgos que quer\u00e9s cubrir.&nbsp;<\/p>\n\n\n\n<p>En esta modalidad se debe incluir en la cobertura la totalidad de los apartamentos del edificio asegurado.<\/p>\n<\/div><\/div><\/div>\n\n\n\n<div class=\"accordion-item\"><div class=\"accordion-heading\"><div class=\"accordion-icon\"><span class=\"accordion-icon-open\"><i class=\"fas fa-minus\"><\/i><\/span><span class=\"accordion-icon-closed\"><i class=\"fas fa-plus\"><\/i><\/span><\/div><span class=\"accordion-text\">Da\u00f1os Cubiertos<\/span><\/div><div class=\"accordion-body\"><div class=\"accordion-content\">\n<ul class=\"wp-block-list\">\n<li>Da\u00f1os ocasionados directamente por el fuego que provoca el incendio<\/li>\n\n\n\n<li>Da\u00f1os por incendio o da\u00f1os materiales cuando cuando fuesen causados directamente por tumulto o alboroto popular o movimiento huelgu\u00edstico<\/li>\n\n\n\n<li>Da\u00f1os que sufran los bienes a consecuencia directa de huracanes, tornados, tempestades, granizada o terremoto<\/li>\n\n\n\n<li>Da\u00f1os producidos por el impacto proveniente del exterior por aeronaves, veh\u00edculos terrestres, partes componentes y\/o cargas transportadas no explosivas<\/li>\n\n\n\n<li>Da\u00f1os que se ocasionen debido a una explosi\u00f3n, aunque la misma no genere incendio<\/li>\n\n\n\n<li>Da\u00f1os que sufran los bienes debido al humo de incendio ocasionado dentro del edificio<\/li>\n\n\n\n<li>Remoci\u00f3n de restos por la demolici\u00f3n del edificio o parte del mismo y\/o retiro de escombros como consecuencia de los da\u00f1os ocasionados<\/li>\n\n\n\n<li>P\u00e9rdida de alquileres<\/li>\n\n\n\n<li>Da\u00f1os a cristales por tumultos, huracanes, tornados, tempestades, granizada o terremoto<\/li>\n<\/ul>\n\n\n\n<p>Si contrat\u00e1s la cobertura con todos los adicionales indicados (prima paquete), recibir\u00e1s un descuento en el costo del seguro.<\/p>\n\n\n\n<p><strong>Coberturas opcionales<\/strong><\/p>\n\n\n\n<p>Por un costo muy accesible pod\u00e9s incluir tambi\u00e9n:<\/p>\n\n\n\n<ul class=\"wp-block-list\">\n<li>Da\u00f1os originados por crecientes o desbordes de r\u00edos, arroyos, lagos o cursos de agua, desbordes de cloacas y obstrucci\u00f3n de ca\u00f1er\u00edas por exceso de lluvias<\/li>\n\n\n\n<li>Da\u00f1os que sufran los bienes debido al humo de incendio ocasionado fuera del edificio<\/li>\n\n\n\n<li>Da\u00f1os ocasionados a causa de terremoto<\/li>\n\n\n\n<li>Ampliaci\u00f3n de capital para remoci\u00f3n de escombros, limpieza de restos y p\u00e9rdida de alquileres<\/li>\n\n\n\n<li>Equipos el\u00e9ctricos o electr\u00f3nicos instalados en el edificio asegurado y que no se consideren bienes de contenido, contra da\u00f1os ocasionados por sobretensiones, descargas o cualquier tipo de alteraci\u00f3n en la tensi\u00f3n de la corriente.<\/li>\n<\/ul>\n<\/div><\/div><\/div>\n\n\n\n<div class=\"accordion-item\"><div class=\"accordion-heading\"><div class=\"accordion-icon\"><span class=\"accordion-icon-open\"><i class=\"fas fa-minus\"><\/i><\/span><span class=\"accordion-icon-closed\"><i class=\"fas fa-plus\"><\/i><\/span><\/div><span class=\"accordion-text\">Suscripci\u00f3n y forma de pago<\/span><\/div><div class=\"accordion-body\"><div class=\"accordion-content\">\n<p><strong>Vigencia<\/strong><\/p>\n\n\n\n<p>Pod\u00e9s contratar el seguro en forma anual, por un per\u00edodo menor a un a\u00f1o o por un plazo de 3, 5 o 10 a\u00f1os.<\/p>\n\n\n\n<p><strong>Forma de pago<\/strong><\/p>\n\n\n\n<p>Pod\u00e9s pagar tu factura a trav\u00e9s de:<\/p>\n\n\n\n<p>D\u00e9bito bancario:<\/p>\n\n\n\n<ul class=\"wp-block-list\">\n<li>BANCO BANDES<\/li>\n\n\n\n<li>BANCO SANTANDER<\/li>\n\n\n\n<li>BANCO ITA\u00da<\/li>\n\n\n\n<li>BBVA BANK<\/li>\n\n\n\n<li>B.R.O.U.<\/li>\n\n\n\n<li>CITIBANK<\/li>\n\n\n\n<li>SCOTIA BANK<\/li>\n\n\n\n<li>HSBC<\/li>\n<\/ul>\n\n\n\n<p>D\u00e9bito por tarjeta de cr\u00e9dito:<\/p>\n\n\n\n<ul class=\"wp-block-list\">\n<li>CABAL<\/li>\n\n\n\n<li>DINERS CLUB INTERNACIONAL S.A.<\/li>\n\n\n\n<li>MASTER CARD<\/li>\n\n\n\n<li>OCA CARD<\/li>\n\n\n\n<li>VISA<\/li>\n<\/ul>\n\n\n\n<p>Cobranza en locales:<\/p>\n\n\n\n<ul class=\"wp-block-list\">\n<li>BSE: CASA CENTRAL Y DEPENDENCIAS<\/li>\n\n\n\n<li>LOCALES DE CORREO (CORREO BANC)<\/li>\n\n\n\n<li>RED ABITAB<\/li>\n\n\n\n<li>RED PAGOS<\/li>\n\n\n\n<li>URUPAGO<\/li>\n<\/ul>\n\n\n\n<p>Pagos electr\u00f3nicos:<\/p>\n\n\n\n<ul class=\"wp-block-list\">\n<li>BANRED<\/li>\n\n\n\n<li>e-BROU<\/li>\n\n\n\n<li>VISANET PAGOS<\/li>\n<\/ul>\n\n\n\n<p>\u00a0\u00a0\u00a0Nota: Consult\u00e1 por financiaci\u00f3n de este seguro.<\/p>\n<\/div><\/div><\/div>\n\n\n\n<div class=\"accordion-item\"><div class=\"accordion-heading\"><div class=\"accordion-icon\"><span class=\"accordion-icon-open\"><i class=\"fas fa-minus\"><\/i><\/span><span class=\"accordion-icon-closed\"><i class=\"fas fa-plus\"><\/i><\/span><\/div><span class=\"accordion-text\">Formularios y Condiciones Generales de la P\u00f3liza<\/span><\/div><div class=\"accordion-body\"><div class=\"accordion-content\">\n<p><a href=\"https:\/\/www.bse.com.uy\/wps\/wcm\/connect\/9e91a94b-07f0-4587-8997-87893a654eb3\/00728-~1.PDF?MOD=AJPERES&amp;ContentCache=NONE&amp;CACHE=NONE&amp;CVID=o263wRZ\" target=\"_blank\" rel=\"noreferrer noopener\">Fomulario<\/a><\/p>\n\n\n\n<p><a href=\"https:\/\/www.bse.com.uy\/wps\/wcm\/connect\/b93a3d18-cff6-4c84-8771-5f0369db346e\/03306+%28ex1887%29-+09+-+INCPH+-+Incendio+-+Cond.+Grales+-+Propiedad+Horizontal+-+OCT+2020.pdf?MOD=AJPERES&amp;ContentCache=NONE&amp;CACHE=NONE&amp;CVID=nD3zFkK\" target=\"_blank\" rel=\"noreferrer noopener\">Condiciones&nbsp;Generales&nbsp;de&nbsp;la&nbsp;P\u00f3liza<\/a><\/p>\n<\/div><\/div><\/div>\n<\/div>\n<\/div>\n\n\n\n<div class=\"tab-body-item\">\n<p><\/p>\n<\/div>\n\n\n\n<div class=\"tab-body-item\">\n<p><\/p>\n<\/div>\n\n\n\n<div class=\"tab-body-item\">\n<p><\/p>\n<\/div>\n\n\n\n<div class=\"tab-body-item\">\n<p><\/p>\n<\/div>\n\n\n\n<div class=\"tab-body-item\">\n<p><\/p>\n<\/div>\n\n\n\n<div class=\"tab-body-item\">\n<p><\/p>\n<\/div>\n\n\n\n<div class=\"tab-body-item\">\n<p><\/p>\n<\/div>\n\n\n\n<div class=\"tab-body-item\">\n<p><\/p>\n<\/div>\n\n\n\n<div class=\"tab-body-item\">\n<p><\/p>\n<\/div>\n\n\n\n<div class=\"tab-body-item\">\n<p><\/p>\n<\/div>\n\n\n\n<div class=\"tab-body-item\">\n<p><\/p>\n<\/div>\n\n\n\n<div class=\"tab-body-item\">\n<p><\/p>\n<\/div>\n\n\n\n<div class=\"tab-body-item\">\n<p><\/p>\n<\/div>\n\n\n\n<div class=\"tab-body-item\">\n<p><\/p>\n<\/div>\n\n\n\n<div class=\"tab-body-item\">\n<p><\/p>\n<\/div>\n<\/div><\/div>\n","protected":false},"excerpt":{"rendered":"","protected":false},"author":1,"featured_media":0,"parent":0,"menu_order":0,"comment_status":"closed","ping_status":"closed","template":"","meta":{"footnotes":""},"class_list":["post-100","page","type-page","status-publish","hentry"],"yoast_head":"<!-- This site is optimized with the Yoast SEO plugin v21.1 - https:\/\/yoast.com\/wordpress\/plugins\/seo\/ -->\n<title>Seguro de Incendio - Miguel Silva - Seguros e Inmobiliaria<\/title>\n<meta name=\"robots\" content=\"index, follow, max-snippet:-1, max-image-preview:large, max-video-preview:-1\" \/>\n<link rel=\"canonical\" href=\"https:\/\/miguelsilvaseguros.com\/index.php\/seguro-de-incendio\/\" \/>\n<meta property=\"og:locale\" content=\"es_ES\" \/>\n<meta property=\"og:type\" content=\"article\" \/>\n<meta property=\"og:title\" content=\"Seguro de Incendio - Miguel Silva - Seguros e Inmobiliaria\" \/>\n<meta property=\"og:url\" content=\"https:\/\/miguelsilvaseguros.com\/index.php\/seguro-de-incendio\/\" \/>\n<meta property=\"og:site_name\" content=\"Miguel Silva - Seguros e Inmobiliaria\" \/>\n<meta property=\"article:modified_time\" content=\"2023-07-05T22:38:03+00:00\" \/>\n<meta name=\"twitter:card\" content=\"summary_large_image\" \/>\n<meta name=\"twitter:label1\" content=\"Tiempo de lectura\" \/>\n\t<meta name=\"twitter:data1\" content=\"2 minutos\" \/>\n<script type=\"application\/ld+json\" class=\"yoast-schema-graph\">{\"@context\":\"https:\/\/schema.org\",\"@graph\":[{\"@type\":\"WebPage\",\"@id\":\"https:\/\/miguelsilvaseguros.com\/index.php\/seguro-de-incendio\/\",\"url\":\"https:\/\/miguelsilvaseguros.com\/index.php\/seguro-de-incendio\/\",\"name\":\"Seguro de Incendio - Miguel Silva - Seguros e Inmobiliaria\",\"isPartOf\":{\"@id\":\"https:\/\/miguelsilvaseguros.com\/#website\"},\"datePublished\":\"2023-07-03T19:37:16+00:00\",\"dateModified\":\"2023-07-05T22:38:03+00:00\",\"breadcrumb\":{\"@id\":\"https:\/\/miguelsilvaseguros.com\/index.php\/seguro-de-incendio\/#breadcrumb\"},\"inLanguage\":\"es\",\"potentialAction\":[{\"@type\":\"ReadAction\",\"target\":[\"https:\/\/miguelsilvaseguros.com\/index.php\/seguro-de-incendio\/\"]}]},{\"@type\":\"BreadcrumbList\",\"@id\":\"https:\/\/miguelsilvaseguros.com\/index.php\/seguro-de-incendio\/#breadcrumb\",\"itemListElement\":[{\"@type\":\"ListItem\",\"position\":1,\"name\":\"Portada\",\"item\":\"https:\/\/miguelsilvaseguros.com\/\"},{\"@type\":\"ListItem\",\"position\":2,\"name\":\"Seguro de Incendio\"}]},{\"@type\":\"WebSite\",\"@id\":\"https:\/\/miguelsilvaseguros.com\/#website\",\"url\":\"https:\/\/miguelsilvaseguros.com\/\",\"name\":\"Miguel Silva - Seguros e Inmobiliaria\",\"description\":\"Asesoramiento en la compra y venta de Propiedades y Seguros.\",\"potentialAction\":[{\"@type\":\"SearchAction\",\"target\":{\"@type\":\"EntryPoint\",\"urlTemplate\":\"https:\/\/miguelsilvaseguros.com\/?s={search_term_string}\"},\"query-input\":\"required name=search_term_string\"}],\"inLanguage\":\"es\"}]}<\/script>\n<!-- \/ Yoast SEO plugin. -->","yoast_head_json":{"title":"Seguro de Incendio - Miguel Silva - Seguros e Inmobiliaria","robots":{"index":"index","follow":"follow","max-snippet":"max-snippet:-1","max-image-preview":"max-image-preview:large","max-video-preview":"max-video-preview:-1"},"canonical":"https:\/\/miguelsilvaseguros.com\/index.php\/seguro-de-incendio\/","og_locale":"es_ES","og_type":"article","og_title":"Seguro de Incendio - Miguel Silva - Seguros e Inmobiliaria","og_url":"https:\/\/miguelsilvaseguros.com\/index.php\/seguro-de-incendio\/","og_site_name":"Miguel Silva - Seguros e Inmobiliaria","article_modified_time":"2023-07-05T22:38:03+00:00","twitter_card":"summary_large_image","twitter_misc":{"Tiempo de lectura":"2 minutos"},"schema":{"@context":"https:\/\/schema.org","@graph":[{"@type":"WebPage","@id":"https:\/\/miguelsilvaseguros.com\/index.php\/seguro-de-incendio\/","url":"https:\/\/miguelsilvaseguros.com\/index.php\/seguro-de-incendio\/","name":"Seguro de Incendio - Miguel Silva - Seguros e Inmobiliaria","isPartOf":{"@id":"https:\/\/miguelsilvaseguros.com\/#website"},"datePublished":"2023-07-03T19:37:16+00:00","dateModified":"2023-07-05T22:38:03+00:00","breadcrumb":{"@id":"https:\/\/miguelsilvaseguros.com\/index.php\/seguro-de-incendio\/#breadcrumb"},"inLanguage":"es","potentialAction":[{"@type":"ReadAction","target":["https:\/\/miguelsilvaseguros.com\/index.php\/seguro-de-incendio\/"]}]},{"@type":"BreadcrumbList","@id":"https:\/\/miguelsilvaseguros.com\/index.php\/seguro-de-incendio\/#breadcrumb","itemListElement":[{"@type":"ListItem","position":1,"name":"Portada","item":"https:\/\/miguelsilvaseguros.com\/"},{"@type":"ListItem","position":2,"name":"Seguro de Incendio"}]},{"@type":"WebSite","@id":"https:\/\/miguelsilvaseguros.com\/#website","url":"https:\/\/miguelsilvaseguros.com\/","name":"Miguel Silva - Seguros e Inmobiliaria","description":"Asesoramiento en la compra y venta de Propiedades y Seguros.","potentialAction":[{"@type":"SearchAction","target":{"@type":"EntryPoint","urlTemplate":"https:\/\/miguelsilvaseguros.com\/?s={search_term_string}"},"query-input":"required name=search_term_string"}],"inLanguage":"es"}]}},"_links":{"self":[{"href":"https:\/\/miguelsilvaseguros.com\/index.php\/wp-json\/wp\/v2\/pages\/100","targetHints":{"allow":["GET"]}}],"collection":[{"href":"https:\/\/miguelsilvaseguros.com\/index.php\/wp-json\/wp\/v2\/pages"}],"about":[{"href":"https:\/\/miguelsilvaseguros.com\/index.php\/wp-json\/wp\/v2\/types\/page"}],"author":[{"embeddable":true,"href":"https:\/\/miguelsilvaseguros.com\/index.php\/wp-json\/wp\/v2\/users\/1"}],"replies":[{"embeddable":true,"href":"https:\/\/miguelsilvaseguros.com\/index.php\/wp-json\/wp\/v2\/comments?post=100"}],"version-history":[{"count":18,"href":"https:\/\/miguelsilvaseguros.com\/index.php\/wp-json\/wp\/v2\/pages\/100\/revisions"}],"predecessor-version":[{"id":139,"href":"https:\/\/miguelsilvaseguros.com\/index.php\/wp-json\/wp\/v2\/pages\/100\/revisions\/139"}],"wp:attachment":[{"href":"https:\/\/miguelsilvaseguros.com\/index.php\/wp-json\/wp\/v2\/media?parent=100"}],"curies":[{"name":"wp","href":"https:\/\/api.w.org\/{rel}","templated":true}]}}