{"id":134,"date":"2023-07-04T12:19:08","date_gmt":"2023-07-04T15:19:08","guid":{"rendered":"https:\/\/miguelsilvaseguros.com\/?page_id=134"},"modified":"2023-07-05T20:02:36","modified_gmt":"2023-07-05T23:02:36","slug":"accidentes-de-trabajo","status":"publish","type":"page","link":"https:\/\/miguelsilvaseguros.com\/index.php\/accidentes-de-trabajo\/","title":{"rendered":"Accidentes de Trabajo"},"content":{"rendered":"\n<p>Este seguro cubre la Responsabilidad Civil Patronal ante siniestros de los trabajadores dependientes, a causa o en ocasi\u00f3n del trabajo.<\/p>\n\n\n\n<p>SEGUROS PERSONALES DE ADT<br><\/p>\n\n\n\n<div class=\"guten-element guten-accordions guten-Qotso5\">\n<div class=\"accordion-item\"><div class=\"accordion-heading\"><div class=\"accordion-icon\"><span class=\"accordion-icon-open\"><i class=\"fas fa-minus\"><\/i><\/span><span class=\"accordion-icon-closed\"><i class=\"fas fa-plus\"><\/i><\/span><\/div><span class=\"accordion-text\">Seguro Voluntario<\/span><\/div><div class=\"accordion-body\"><div class=\"accordion-content\">\n<p>Si desarroll\u00e1s una actividad laboral que no requiere la contrataci\u00f3n de un seguro obligatorio de Accidentes del Trabajo seg\u00fan la Ley 16.074, igualmente pod\u00e9s contratarlo y estar amparado en caso de sufrir un accidente a causa del trabajo o en ocasi\u00f3n del mismo.&nbsp;Puede ser contratado por Patronos, Artistas, Deportistas, Voluntarios, etc.<\/p>\n\n\n\n<p><strong>Prestaciones<\/strong>&nbsp;<\/p>\n\n\n\n<p>En caso de siniestro laboral cubierto por la p\u00f3liza podr\u00e1s recibir las siguientes prestaciones:<\/p>\n\n\n\n<ul class=\"wp-block-list\">\n<li>Asistencia m\u00e9dica en el Hospital BSE (Jos\u00e9 Pedro Varela 3420)<\/li>\n\n\n\n<li>Reembolso de pasajes y traslados si fuere necesario<\/li>\n\n\n\n<li>Te proporcionamos pr\u00f3tesis si fuera necesario<\/li>\n\n\n\n<li>Apoyo psico-t\u00e9cnico para la rehabilitaci\u00f3n<\/li>\n<\/ul>\n\n\n\n<p><strong>Indemnizaciones<\/strong><\/p>\n\n\n\n<p>En caso de siniestro laboral cubierto por la p\u00f3liza te abonaremos las siguientes indemnizaciones:<\/p>\n\n\n\n<ul class=\"wp-block-list\">\n<li>Los jornales perdidos a partir del 4to. d\u00eda de la fecha del accidente mientras est\u00e9s en asistencia y hasta el alta definitiva. El jornal se calcula en base al monto ficto que hayas declarado para la cobertura.&nbsp;<\/li>\n\n\n\n<li>Si a consecuencia del accidente quedaras con una incapacidad permanente mayor al 10%, te abonaremos una Renta Vitalicia&nbsp;<\/li>\n\n\n\n<li>Servicio f\u00fanebre en caso de fallecimiento del Asegurado<\/li>\n<\/ul>\n\n\n\n<p>Por m\u00e1s informaci\u00f3n comun\u00edcate con tu Asesor de confianza, en Teleservicios 1998 o en cualquiera de nuestras oficinas de todo el pa\u00eds.<\/p>\n<\/div><\/div><\/div>\n<\/div>\n\n\n\n<div class=\"guten-element guten-accordions guten-RZfg4h\">\n<div class=\"accordion-item\"><div class=\"accordion-heading\"><div class=\"accordion-icon\"><span class=\"accordion-icon-open\"><i class=\"fas fa-minus\"><\/i><\/span><span class=\"accordion-icon-closed\"><i class=\"fas fa-plus\"><\/i><\/span><\/div><span class=\"accordion-text\">Seguro Dom\u00e9stico<\/span><\/div><div class=\"accordion-body\"><div class=\"accordion-content\">\n<p>Mediante acuerdo interinstitucional entre BSE y BPS, no se emiten p\u00f3lizas para patrones cuyo tipo de aportaci\u00f3n sea por Servicio Dom\u00e9stico.<\/p>\n\n\n\n<p>BPS emitir\u00e1 una \u00fanica factura detallando el pago de las obligaciones por seguridad social que incluye el costo de la cobertura de Accidentes del Trabajo calculado sobre el salario declarado al BPS.<\/p>\n\n\n\n<p>&nbsp;&nbsp;La factura paga de BPS ser\u00e1 comprobante de que el trabajador\/a dependiente, tiene cobertura de seguro de Accidentes del Trabajo.<\/p>\n\n\n\n<p>\u00bfQu\u00e9 deben realizar los patrones?<\/p>\n\n\n\n<ul class=\"wp-block-list\">\n<li>Los patrones que tengan registrado a su personal dom\u00e9stico en el BPS, estar\u00e1n cubiertos por accidentes del trabajo en caso de la ocurrencia de un accidente laboral, siempre y cuando la factura se encuentre abonada dentro de las fechas establecidas.<\/li>\n\n\n\n<li>En caso de siniestro, deber\u00e1n realizar la denuncia a trav\u00e9s de la Web del BSE y en este caso se consultar\u00e1 al BPS si el trabajador est\u00e1 declarado.<\/li>\n\n\n\n<li>NO se consideran dentro de Servicio Dom\u00e9stico las escuelas, comisiones de fomento, edificios y jardineros.<\/li>\n<\/ul>\n<\/div><\/div><\/div>\n<\/div>\n","protected":false},"excerpt":{"rendered":"<p>Este seguro cubre la Responsabilidad Civil Patronal ante siniestros de los trabajadores dependientes, a causa o en ocasi\u00f3n del trabajo. SEGUROS PERSONALES DE ADT<\/p>\n","protected":false},"author":1,"featured_media":0,"parent":0,"menu_order":0,"comment_status":"closed","ping_status":"closed","template":"","meta":{"footnotes":""},"class_list":["post-134","page","type-page","status-publish","hentry"],"yoast_head":"<!-- This site is optimized with the Yoast SEO plugin v21.1 - https:\/\/yoast.com\/wordpress\/plugins\/seo\/ -->\n<title>Accidentes de Trabajo - Miguel Silva - Seguros e Inmobiliaria<\/title>\n<meta name=\"robots\" content=\"index, follow, max-snippet:-1, max-image-preview:large, max-video-preview:-1\" \/>\n<link rel=\"canonical\" href=\"https:\/\/miguelsilvaseguros.com\/index.php\/accidentes-de-trabajo\/\" \/>\n<meta property=\"og:locale\" content=\"es_ES\" \/>\n<meta property=\"og:type\" content=\"article\" \/>\n<meta property=\"og:title\" content=\"Accidentes de Trabajo - Miguel Silva - Seguros e Inmobiliaria\" \/>\n<meta property=\"og:description\" content=\"Este seguro cubre la Responsabilidad Civil Patronal ante siniestros de los trabajadores dependientes, a causa o en ocasi\u00f3n del trabajo. SEGUROS PERSONALES DE ADT\" \/>\n<meta property=\"og:url\" content=\"https:\/\/miguelsilvaseguros.com\/index.php\/accidentes-de-trabajo\/\" \/>\n<meta property=\"og:site_name\" content=\"Miguel Silva - Seguros e Inmobiliaria\" \/>\n<meta property=\"article:modified_time\" content=\"2023-07-05T23:02:36+00:00\" \/>\n<meta name=\"twitter:card\" content=\"summary_large_image\" \/>\n<meta name=\"twitter:label1\" content=\"Tiempo de lectura\" \/>\n\t<meta name=\"twitter:data1\" content=\"2 minutos\" \/>\n<script type=\"application\/ld+json\" class=\"yoast-schema-graph\">{\"@context\":\"https:\/\/schema.org\",\"@graph\":[{\"@type\":\"WebPage\",\"@id\":\"https:\/\/miguelsilvaseguros.com\/index.php\/accidentes-de-trabajo\/\",\"url\":\"https:\/\/miguelsilvaseguros.com\/index.php\/accidentes-de-trabajo\/\",\"name\":\"Accidentes de Trabajo - Miguel Silva - Seguros e Inmobiliaria\",\"isPartOf\":{\"@id\":\"https:\/\/miguelsilvaseguros.com\/#website\"},\"datePublished\":\"2023-07-04T15:19:08+00:00\",\"dateModified\":\"2023-07-05T23:02:36+00:00\",\"breadcrumb\":{\"@id\":\"https:\/\/miguelsilvaseguros.com\/index.php\/accidentes-de-trabajo\/#breadcrumb\"},\"inLanguage\":\"es\",\"potentialAction\":[{\"@type\":\"ReadAction\",\"target\":[\"https:\/\/miguelsilvaseguros.com\/index.php\/accidentes-de-trabajo\/\"]}]},{\"@type\":\"BreadcrumbList\",\"@id\":\"https:\/\/miguelsilvaseguros.com\/index.php\/accidentes-de-trabajo\/#breadcrumb\",\"itemListElement\":[{\"@type\":\"ListItem\",\"position\":1,\"name\":\"Portada\",\"item\":\"https:\/\/miguelsilvaseguros.com\/\"},{\"@type\":\"ListItem\",\"position\":2,\"name\":\"Accidentes de Trabajo\"}]},{\"@type\":\"WebSite\",\"@id\":\"https:\/\/miguelsilvaseguros.com\/#website\",\"url\":\"https:\/\/miguelsilvaseguros.com\/\",\"name\":\"Miguel Silva - Seguros e Inmobiliaria\",\"description\":\"Asesoramiento en la compra y venta de Propiedades y Seguros.\",\"potentialAction\":[{\"@type\":\"SearchAction\",\"target\":{\"@type\":\"EntryPoint\",\"urlTemplate\":\"https:\/\/miguelsilvaseguros.com\/?s={search_term_string}\"},\"query-input\":\"required name=search_term_string\"}],\"inLanguage\":\"es\"}]}<\/script>\n<!-- \/ Yoast SEO plugin. -->","yoast_head_json":{"title":"Accidentes de Trabajo - Miguel Silva - Seguros e Inmobiliaria","robots":{"index":"index","follow":"follow","max-snippet":"max-snippet:-1","max-image-preview":"max-image-preview:large","max-video-preview":"max-video-preview:-1"},"canonical":"https:\/\/miguelsilvaseguros.com\/index.php\/accidentes-de-trabajo\/","og_locale":"es_ES","og_type":"article","og_title":"Accidentes de Trabajo - Miguel Silva - Seguros e Inmobiliaria","og_description":"Este seguro cubre la Responsabilidad Civil Patronal ante siniestros de los trabajadores dependientes, a causa o en ocasi\u00f3n del trabajo. SEGUROS PERSONALES DE ADT","og_url":"https:\/\/miguelsilvaseguros.com\/index.php\/accidentes-de-trabajo\/","og_site_name":"Miguel Silva - Seguros e Inmobiliaria","article_modified_time":"2023-07-05T23:02:36+00:00","twitter_card":"summary_large_image","twitter_misc":{"Tiempo de lectura":"2 minutos"},"schema":{"@context":"https:\/\/schema.org","@graph":[{"@type":"WebPage","@id":"https:\/\/miguelsilvaseguros.com\/index.php\/accidentes-de-trabajo\/","url":"https:\/\/miguelsilvaseguros.com\/index.php\/accidentes-de-trabajo\/","name":"Accidentes de Trabajo - Miguel Silva - Seguros e Inmobiliaria","isPartOf":{"@id":"https:\/\/miguelsilvaseguros.com\/#website"},"datePublished":"2023-07-04T15:19:08+00:00","dateModified":"2023-07-05T23:02:36+00:00","breadcrumb":{"@id":"https:\/\/miguelsilvaseguros.com\/index.php\/accidentes-de-trabajo\/#breadcrumb"},"inLanguage":"es","potentialAction":[{"@type":"ReadAction","target":["https:\/\/miguelsilvaseguros.com\/index.php\/accidentes-de-trabajo\/"]}]},{"@type":"BreadcrumbList","@id":"https:\/\/miguelsilvaseguros.com\/index.php\/accidentes-de-trabajo\/#breadcrumb","itemListElement":[{"@type":"ListItem","position":1,"name":"Portada","item":"https:\/\/miguelsilvaseguros.com\/"},{"@type":"ListItem","position":2,"name":"Accidentes de Trabajo"}]},{"@type":"WebSite","@id":"https:\/\/miguelsilvaseguros.com\/#website","url":"https:\/\/miguelsilvaseguros.com\/","name":"Miguel Silva - Seguros e Inmobiliaria","description":"Asesoramiento en la compra y venta de Propiedades y Seguros.","potentialAction":[{"@type":"SearchAction","target":{"@type":"EntryPoint","urlTemplate":"https:\/\/miguelsilvaseguros.com\/?s={search_term_string}"},"query-input":"required name=search_term_string"}],"inLanguage":"es"}]}},"_links":{"self":[{"href":"https:\/\/miguelsilvaseguros.com\/index.php\/wp-json\/wp\/v2\/pages\/134","targetHints":{"allow":["GET"]}}],"collection":[{"href":"https:\/\/miguelsilvaseguros.com\/index.php\/wp-json\/wp\/v2\/pages"}],"about":[{"href":"https:\/\/miguelsilvaseguros.com\/index.php\/wp-json\/wp\/v2\/types\/page"}],"author":[{"embeddable":true,"href":"https:\/\/miguelsilvaseguros.com\/index.php\/wp-json\/wp\/v2\/users\/1"}],"replies":[{"embeddable":true,"href":"https:\/\/miguelsilvaseguros.com\/index.php\/wp-json\/wp\/v2\/comments?post=134"}],"version-history":[{"count":5,"href":"https:\/\/miguelsilvaseguros.com\/index.php\/wp-json\/wp\/v2\/pages\/134\/revisions"}],"predecessor-version":[{"id":145,"href":"https:\/\/miguelsilvaseguros.com\/index.php\/wp-json\/wp\/v2\/pages\/134\/revisions\/145"}],"wp:attachment":[{"href":"https:\/\/miguelsilvaseguros.com\/index.php\/wp-json\/wp\/v2\/media?parent=134"}],"curies":[{"name":"wp","href":"https:\/\/api.w.org\/{rel}","templated":true}]}}