{"id":146,"date":"2023-07-05T21:32:24","date_gmt":"2023-07-06T00:32:24","guid":{"rendered":"https:\/\/miguelsilvaseguros.com\/?page_id=146"},"modified":"2023-07-05T21:32:43","modified_gmt":"2023-07-06T00:32:43","slug":"vehiculos","status":"publish","type":"page","link":"https:\/\/miguelsilvaseguros.com\/index.php\/vehiculos\/","title":{"rendered":"Veh\u00edculos"},"content":{"rendered":"\n<p>Conoc\u00e9 las coberturas de Seguros de Veh\u00edculos (Autos, Camiones, Motos, etc.) del BSE y encontr\u00e1 la que mejor se adapte a tus necesidades.<\/p>\n\n\n\n<p>Es el Plan m\u00e1s completo del BSE. Cubre da\u00f1os sufridos por el veh\u00edculo, por cualquier motivo accidental, Hurto, Incendio, Responsabilidad Civil y el SOA.<\/p>\n\n\n\n<div class=\"container\">\n\n    <div class=\"portlet-content\">\n      <div class=\"portlet-content-header\">\n        <div class=\"titulo\">\n\n          <h2 class=\"txt-titulo\"> CUADRO COMPARATIVO DE COBERTURAS <\/h2>\n        <\/div>\n      \n        <div class=\"descripcion\">\n          <p class=\"txt-descripcion\"> El cuadro comparativo de coberturas se presenta como gu\u00eda general de las ofrecidas por el BSE a la fecha se\u00f1alada (agosto 2019); el contrato de seguro tendr\u00e1 como objeto y se regir\u00e1 en todos los casos seg\u00fan los t\u00e9rminos establecidos en las condiciones generales y particulares de la p\u00f3liza contratada. <\/p>\n\n          <span class=\"enlace-accion\">ocultar cuadro comparativo &#8211;<\/span>\n        <\/div>\n      <\/div>\n      \n      <div class=\"portlet-content-tabla showtable \" style=\"display: block;\">\n        <div class=\"responsive-table\">\n\n\n\n\n          <!-- Tabla-->\n          <div class=\"responsive-table\"><table class=\"table\" id=\"cuadroComparativo\">\n            <tbody>\n              <tr id=\"thead\">\n              <th> Coberturas \/ Planes<\/th>\n                <td class=\"first destacar\"> Global <\/td>\n                <td class=\"first\"> Triple <\/td>\n                <td class=\"first\"> Doble <\/td>\n                <td class=\"first\"> B\u00e1sico <\/td>\n                <td class=\"first\"> Vital <\/td>\n                <td class=\"first\"> SOA PLUS <\/td>\n                <td class=\"first\"> SOA <\/td>\n  <\/tr>\n  <tr>\n    <th> P\u00e9rdida total o parcial por da\u00f1os \n      <div class=\"tooltip\">\n        <i class=\"fas fa-info-circle\"><\/i>\n        <span class=\"tooltiptext\"> Se indemniza la reparaci\u00f3n del veh\u00edculo por los da\u00f1os sufridos a causa de un siniestro, o el valor de venta en plaza en caso de p\u00e9rdida total. <\/span>\n      <\/div>\n    <\/th>\n    <td class=\"destacar\"> <i class=\"icon-check\"><\/i> <\/td>\n    <td class=\"\"> <i class=\"icon-error\"><\/i> <\/td>\n    <td class=\"\"> <i class=\"icon-error\"><\/i> <\/td>\n    <td class=\"\"> <i class=\"icon-error\"><\/i> <\/td>\n    <td class=\"\"> <i class=\"icon-error\"><\/i> <\/td>\n    <td> <i class=\"icon-error\"><\/i> <\/td>\n    <td class=\"\"> <i class=\"icon-error\"><\/i> <\/td>\n  <\/tr>\n  <tr>\n    <th> Hurto total o parcial \n      <div class=\"tooltip\">\n        <i class=\"fas fa-info-circle\"><\/i>\n        <span class=\"tooltiptext\"> Se indemniza el valor de venta en plaza del veh\u00edculo en caso de hurto o rapi\u00f1a total, o los da\u00f1os sufridos por intento de hurto total o parcial. <\/span>\n      <\/div>\n    <\/th>\n    <td class=\"destacar\"> <i class=\"icon-check\"><\/i> <\/td>\n    <td class=\"\"> <i class=\"icon-check\"><\/i> <\/td>\n    <td class=\"\"> <i class=\"icon-error\"><\/i> <\/td>\n    <td class=\"\"> <i class=\"icon-error\"><\/i> <\/td>\n    <td class=\"\"> <i class=\"icon-error\"><\/i> <\/td>\n    <td> <i class=\"icon-error\"><\/i> <\/td>\n    <td class=\"\"> <i class=\"icon-error\"><\/i> <\/td>\n  <\/tr>\n  <tr>\n    <th> Incendio total o parcial \n    <div class=\"tooltip\">\n        <i class=\"fas fa-info-circle\"><\/i>\n        <span class=\"tooltiptext\"> Se indemniza la reparaci\u00f3n del veh\u00edculo por los da\u00f1os sufridos a causa de incendio, o el valor de venta en plaza en caso de incendio total. <\/span>\n      <\/div>\n    <\/th>\n    <td class=\"destacar\"> <i class=\"icon-check\"><\/i> <\/td>\n    <td class=\"\"> <i class=\"icon-check\"><\/i> <\/td>\n    <td class=\"\"> <i class=\"icon-check\"><\/i> <\/td>\n    <td class=\"\"> <i class=\"icon-error\"><\/i> <\/td>\n    <td class=\"\"> <i class=\"icon-error\"><\/i> <\/td>\n    <td> <i class=\"icon-error\"><\/i> <\/td>\n    <td class=\"\"> <i class=\"icon-error\"><\/i> <\/td>\n  <\/tr>\n  <tr>\n    <th> Responsabilidad civil da\u00f1os a bienes de terceros <\/th>\n    <td class=\"destacar\"> <i class=\"icon-check\"><\/i> <\/td>\n    <td class=\"\"> <i class=\"icon-check\"><\/i> <\/td>\n    <td class=\"\"> <i class=\"icon-check\"><\/i> <\/td>\n    <td class=\"\"> <i class=\"icon-check\"><\/i> <\/td>\n    <td class=\"\"> <i class=\"icon-error\"><\/i> <\/td>\n    <td> <i class=\"icon-check\"><\/i> <\/td>\n    <td class=\"\"> <i class=\"icon-error\"><\/i> <\/td>\n  <\/tr>\n  <tr>\n    <th> Responsabilidad civil terceros por lesiones o muerte <\/th>\n    <td class=\"destacar\"> <i class=\"icon-check\"><\/i> <\/td>\n    <td class=\"\"> <i class=\"icon-check\"><\/i> <\/td>\n    <td class=\"\"> <i class=\"icon-check\"><\/i> <\/td>\n    <td class=\"\"> <i class=\"icon-check\"><\/i> <\/td>\n    <td class=\"\"> <i class=\"icon-check\"><\/i> <\/td>\n    <td> <i class=\"icon-check\"><\/i> <\/td>\n    <td class=\"\"> <i class=\"icon-check\"><\/i> <\/td>\n  <\/tr>\n  <tr>\n    <th> Carta verde <\/th>\n    <td class=\"destacar\"> <i class=\"icon-check\"><\/i> <\/td>\n    <td class=\"\"> <i class=\"icon-check\"><\/i> <\/td>\n    <td class=\"\"> <i class=\"icon-check\"><\/i> <\/td>\n    <td class=\"\"> <small> Opcional <\/small> <\/td>\n    <td class=\"\"> <i class=\"icon-error\"><\/i> <\/td>\n    <td> <i class=\"icon-error\"><\/i> <\/td>\n    <td class=\"\"> <i class=\"icon-error\"><\/i> <\/td>\n  <\/tr>\n  <tr>\n    <th> Accidentes personales <\/th>\n    <td class=\"destacar\"> <i class=\"icon-check\"><\/i> <\/td>\n    <td class=\"\"> <i class=\"icon-check\"><\/i> <\/td>\n    <td class=\"\"> <i class=\"icon-check\"><\/i> <\/td>\n    <td class=\"\"> <small> Opcional <\/small><\/td>\n    <td class=\"\"> <i class=\"icon-check\"><\/i> <\/td>\n    <td> <i class=\"icon-error\"><\/i> <\/td>\n    <td class=\"\"> <i class=\"icon-error\"><\/i> <\/td>\n  <\/tr>\n  <tr>\n    <th> Gastos m\u00e9dicos por accidente <\/th>\n    <td class=\"destacar\"> <i class=\"icon-check\"><\/i> <\/td>\n    <td class=\"\"> <i class=\"icon-check\"><\/i> <\/td>\n    <td class=\"\"> <i class=\"icon-check\"><\/i> <\/td>\n    <td class=\"\"> <small> Opcional <\/small><\/td>\n    <td class=\"\"> <i class=\"icon-check\"><\/i> <\/td>\n    <td> <i class=\"icon-error\"><\/i> <\/td>\n    <td class=\"\"> <i class=\"icon-error\"><\/i> <\/td>\n  <\/tr>\n  <tr>\n    <th> Sistema de retenci\u00f3n infantil <\/th>\n    <td class=\"destacar\"> <i class=\"icon-check\"><\/i> <\/td>\n    <td class=\"\"> <i class=\"icon-check\"><\/i> <\/td>\n    <td class=\"\"> <i class=\"icon-check\"><\/i> <\/td>\n    <td class=\"\"> <i class=\"icon-error\"><\/i> <\/td>\n    <td class=\"\"> <i class=\"icon-error\"><\/i> <\/td>\n    <td> <i class=\"icon-error\"><\/i> <\/td>\n    <td class=\"\"> <i class=\"icon-error\"><\/i> <\/td>\n  <\/tr>\n  <tr>\n    <th> Auxilio mec\u00e1nico <\/th>\n    <td class=\"destacar\"> <small> 10 servicios sin costo al a\u00f1o <\/small><\/td>\n    <td class=\"\"> <small> 3 servicios sin costo al a\u00f1o <\/small> <\/td>\n    <td class=\"\"> <small> 2 servicios sin costo al a\u00f1o <\/small> <\/td>\n    <td class=\"\"> <small> 1 servicio sin costo al a\u00f1o <\/small> <\/td>\n    <td class=\"\"> <i class=\"icon-error\"><\/i> <\/td>\n    <td> <i class=\"icon-error\"><\/i> <\/td>\n    <td class=\"\"> <i class=\"icon-error\"><\/i> <\/td>\n  <\/tr>\n  <tr>\n    <th> Gastos de movilidad <\/th>\n    <td class=\"destacar\"> <small> opcional <\/small><\/td>\n     <td class=\"\"> <i class=\"icon-error\"><\/i> <\/td>\n    <td class=\"\"> <i class=\"icon-error\"><\/i> <\/td>\n    <td class=\"\"> <i class=\"icon-error\"><\/i> <\/td>\n    <td class=\"\"> <i class=\"icon-error\"><\/i> <\/td>\n    <td> <i class=\"icon-error\"><\/i> <\/td>\n    <td class=\"\"> <i class=\"icon-error\"><\/i> <\/td>\n  <\/tr>\n  <tr>\n    <th> Asistencia jur\u00eddica <\/th>\n    <td class=\"destacar\"> <i class=\"icon-check\"><\/i><\/td>\n     <td class=\"\"> <i class=\"icon-check\"><\/i> <\/td>\n    <td class=\"\"> <i class=\"icon-check\"><\/i> <\/td>\n    <td class=\"\"> <i class=\"icon-check\"><\/i> <\/td>\n    <td class=\"\"> <i class=\"icon-check\"><\/i> <\/td>\n    <td> <i class=\"icon-check\"><\/i> <\/td>\n    <td class=\"\"> <i class=\"icon-error\"><\/i> <\/td>\n  <\/tr>\n  <tr>\n    <th> Repuestos originales <\/th>\n    <td class=\"destacar\"> <i class=\"icon-check\"><\/i><\/td>\n     <td class=\"\"> <i class=\"icon-check\"><\/i> <\/td>\n    <td class=\"\"> <i class=\"icon-check\"><\/i> <\/td>\n    <td class=\"\"> <i class=\"icon-error\"><\/i> <\/td>\n    <td class=\"\"> <i class=\"icon-error\"><\/i> <\/td>\n    <td> <i class=\"icon-error\"><\/i> <\/td>\n    <td class=\"\"> <i class=\"icon-error\"><\/i> <\/td>\n  <\/tr>\n  <tr>\n  <th> Reposici\u00f3n 0KM <\/th>\n    <td class=\"destacar\"> <i class=\"icon-check\"><\/i><\/td>\n     <td class=\"\"> <i class=\"icon-check\"><\/i> <\/td>\n    <td class=\"\"> <i class=\"icon-check\"><\/i> <\/td>\n    <td class=\"\"> <i class=\"icon-error\"><\/i> <\/td>\n    <td class=\"\"> <i class=\"icon-error\"><\/i> <\/td>\n    <td> <i class=\"icon-error\"><\/i> <\/td>\n    <td class=\"\"> <i class=\"icon-error\"><\/i> <\/td>\n  <\/tr>\n  <tr>\n  <th> Garant\u00eda de reparaci\u00f3n por un a\u00f1o luego del siniestro <\/th>\n    <td class=\"destacar\"> <i class=\"icon-check\"><\/i><\/td>\n     <td class=\"\"> <i class=\"icon-check\"><\/i> <\/td>\n    <td class=\"\"> <i class=\"icon-check\"><\/i> <\/td>\n    <td class=\"\"> <i class=\"icon-error\"><\/i> <\/td>\n    <td class=\"\"> <i class=\"icon-error\"><\/i> <\/td>\n    <td> <i class=\"icon-error\"><\/i> <\/td>\n    <td class=\"\"> <i class=\"icon-error\"><\/i> <\/td>\n  <\/tr>\n  <tr>\n  <th> Bonificaci\u00f3n del deducible sujeto a escala \u00abBonus malus\u00bb <\/th>\n    <td class=\"destacar\"> <i class=\"icon-check\"><\/i><\/td>\n     <td class=\"\"> <i class=\"icon-check\"><\/i> <\/td>\n    <td class=\"\"> <i class=\"icon-check\"><\/i> <\/td>\n    <td class=\"\"> <i class=\"icon-error\"><\/i> <\/td>\n    <td class=\"\"> <i class=\"icon-error\"><\/i> <\/td>\n    <td> <i class=\"icon-error\"><\/i> <\/td>\n    <td class=\"\"> <i class=\"icon-error\"><\/i> <\/td>\n  <\/tr>\n <tr>\n    <th>Cubre a cualquier habilitado para conducir el veh\u00edculo<\/th>\n    <td class=\"destacar\"> <i class=\"icon-check\"><\/i> <\/td>\n    <td class=\"\"> <i class=\"icon-check\"><\/i> <\/td>\n    <td class=\"\"> <i class=\"icon-check\"><\/i> <\/td>\n    <td class=\"\"> <i class=\"icon-check\"><\/i> <\/td>\n    <td class=\"\"> <i class=\"icon-check\"><\/i> <\/td>\n    <td> <i class=\"icon-check\"><\/i> <\/td>\n    <td class=\"\"> <i class=\"icon-check\"><\/i> <\/td>\n  <\/tr>\n  \n            <\/tbody>\n          <\/table><\/div>\n          <!-- Fin Tabla -->\n\n\n          \n        <\/div>\n      <\/div>\n\n\n          \n        <\/div>\n      <\/div>\n\n    <\/div>\n\n    <!-- <p> Lorem ipsum dolor sit amet consectetur adipisicing elit. Enim, esse alias praesentium repellendus quis veniam non harum, voluptate numquam voluptatem commodi laboriosam culpa soluta aut dicta, ullam et nihil nesciunt. <\/p> -->\n\n<\/div>\n\n\n\n<p>El cuadro comparativo de coberturas se presenta como gu\u00eda general de las ofrecidas por el BSE a la fecha se\u00f1alada (agosto 2019); el contrato de seguro tendr\u00e1 como objeto y se regir\u00e1 en todos los casos seg\u00fan los t\u00e9rminos establecidos en las condiciones generales y particulares de la p\u00f3liza contratada.<\/p>\n","protected":false},"excerpt":{"rendered":"<p>Conoc\u00e9 las coberturas de Seguros de Veh\u00edculos (Autos, Camiones, Motos, etc.) del BSE y encontr\u00e1 la que mejor se adapte a tus necesidades. Es el Plan m\u00e1s completo del BSE. Cubre da\u00f1os sufridos por el veh\u00edculo, por cualquier motivo accidental, Hurto, Incendio, Responsabilidad Civil y el SOA. CUADRO COMPARATIVO DE COBERTURAS El cuadro comparativo de coberturas se presenta como gu\u00eda general de las ofrecidas por el BSE a la fecha se\u00f1alada (agosto 2019); el contrato de seguro tendr\u00e1 como objeto y se regir\u00e1 en todos los casos seg\u00fan los t\u00e9rminos establecidos en las condiciones generales y particulares de la p\u00f3liza<\/p>\n","protected":false},"author":1,"featured_media":0,"parent":0,"menu_order":0,"comment_status":"closed","ping_status":"closed","template":"","meta":{"footnotes":""},"class_list":["post-146","page","type-page","status-publish","hentry"],"yoast_head":"<!-- This site is optimized with the Yoast SEO plugin v21.1 - https:\/\/yoast.com\/wordpress\/plugins\/seo\/ -->\n<title>Veh\u00edculos - Miguel Silva - Seguros e Inmobiliaria<\/title>\n<meta name=\"robots\" content=\"index, follow, max-snippet:-1, max-image-preview:large, max-video-preview:-1\" \/>\n<link rel=\"canonical\" href=\"https:\/\/miguelsilvaseguros.com\/index.php\/vehiculos\/\" \/>\n<meta property=\"og:locale\" content=\"es_ES\" \/>\n<meta property=\"og:type\" content=\"article\" \/>\n<meta property=\"og:title\" content=\"Veh\u00edculos - Miguel Silva - Seguros e Inmobiliaria\" \/>\n<meta property=\"og:description\" content=\"Conoc\u00e9 las coberturas de Seguros de Veh\u00edculos (Autos, Camiones, Motos, etc.) del BSE y encontr\u00e1 la que mejor se adapte a tus necesidades. Es el Plan m\u00e1s completo del BSE. Cubre da\u00f1os sufridos por el veh\u00edculo, por cualquier motivo accidental, Hurto, Incendio, Responsabilidad Civil y el SOA. CUADRO COMPARATIVO DE COBERTURAS El cuadro comparativo de coberturas se presenta como gu\u00eda general de las ofrecidas por el BSE a la fecha se\u00f1alada (agosto 2019); el contrato de seguro tendr\u00e1 como objeto y se regir\u00e1 en todos los casos seg\u00fan los t\u00e9rminos establecidos en las condiciones generales y particulares de la p\u00f3liza\" \/>\n<meta property=\"og:url\" content=\"https:\/\/miguelsilvaseguros.com\/index.php\/vehiculos\/\" \/>\n<meta property=\"og:site_name\" content=\"Miguel Silva - Seguros e Inmobiliaria\" \/>\n<meta property=\"article:modified_time\" content=\"2023-07-06T00:32:43+00:00\" \/>\n<meta name=\"twitter:card\" content=\"summary_large_image\" \/>\n<meta name=\"twitter:label1\" content=\"Tiempo de lectura\" \/>\n\t<meta name=\"twitter:data1\" content=\"2 minutos\" \/>\n<script type=\"application\/ld+json\" class=\"yoast-schema-graph\">{\"@context\":\"https:\/\/schema.org\",\"@graph\":[{\"@type\":\"WebPage\",\"@id\":\"https:\/\/miguelsilvaseguros.com\/index.php\/vehiculos\/\",\"url\":\"https:\/\/miguelsilvaseguros.com\/index.php\/vehiculos\/\",\"name\":\"Veh\u00edculos - Miguel Silva - Seguros e Inmobiliaria\",\"isPartOf\":{\"@id\":\"https:\/\/miguelsilvaseguros.com\/#website\"},\"datePublished\":\"2023-07-06T00:32:24+00:00\",\"dateModified\":\"2023-07-06T00:32:43+00:00\",\"breadcrumb\":{\"@id\":\"https:\/\/miguelsilvaseguros.com\/index.php\/vehiculos\/#breadcrumb\"},\"inLanguage\":\"es\",\"potentialAction\":[{\"@type\":\"ReadAction\",\"target\":[\"https:\/\/miguelsilvaseguros.com\/index.php\/vehiculos\/\"]}]},{\"@type\":\"BreadcrumbList\",\"@id\":\"https:\/\/miguelsilvaseguros.com\/index.php\/vehiculos\/#breadcrumb\",\"itemListElement\":[{\"@type\":\"ListItem\",\"position\":1,\"name\":\"Portada\",\"item\":\"https:\/\/miguelsilvaseguros.com\/\"},{\"@type\":\"ListItem\",\"position\":2,\"name\":\"Veh\u00edculos\"}]},{\"@type\":\"WebSite\",\"@id\":\"https:\/\/miguelsilvaseguros.com\/#website\",\"url\":\"https:\/\/miguelsilvaseguros.com\/\",\"name\":\"Miguel Silva - Seguros e Inmobiliaria\",\"description\":\"Asesoramiento en la compra y venta de Propiedades y Seguros.\",\"potentialAction\":[{\"@type\":\"SearchAction\",\"target\":{\"@type\":\"EntryPoint\",\"urlTemplate\":\"https:\/\/miguelsilvaseguros.com\/?s={search_term_string}\"},\"query-input\":\"required name=search_term_string\"}],\"inLanguage\":\"es\"}]}<\/script>\n<!-- \/ Yoast SEO plugin. -->","yoast_head_json":{"title":"Veh\u00edculos - Miguel Silva - Seguros e Inmobiliaria","robots":{"index":"index","follow":"follow","max-snippet":"max-snippet:-1","max-image-preview":"max-image-preview:large","max-video-preview":"max-video-preview:-1"},"canonical":"https:\/\/miguelsilvaseguros.com\/index.php\/vehiculos\/","og_locale":"es_ES","og_type":"article","og_title":"Veh\u00edculos - Miguel Silva - Seguros e Inmobiliaria","og_description":"Conoc\u00e9 las coberturas de Seguros de Veh\u00edculos (Autos, Camiones, Motos, etc.) del BSE y encontr\u00e1 la que mejor se adapte a tus necesidades. Es el Plan m\u00e1s completo del BSE. Cubre da\u00f1os sufridos por el veh\u00edculo, por cualquier motivo accidental, Hurto, Incendio, Responsabilidad Civil y el SOA. CUADRO COMPARATIVO DE COBERTURAS El cuadro comparativo de coberturas se presenta como gu\u00eda general de las ofrecidas por el BSE a la fecha se\u00f1alada (agosto 2019); el contrato de seguro tendr\u00e1 como objeto y se regir\u00e1 en todos los casos seg\u00fan los t\u00e9rminos establecidos en las condiciones generales y particulares de la p\u00f3liza","og_url":"https:\/\/miguelsilvaseguros.com\/index.php\/vehiculos\/","og_site_name":"Miguel Silva - Seguros e Inmobiliaria","article_modified_time":"2023-07-06T00:32:43+00:00","twitter_card":"summary_large_image","twitter_misc":{"Tiempo de lectura":"2 minutos"},"schema":{"@context":"https:\/\/schema.org","@graph":[{"@type":"WebPage","@id":"https:\/\/miguelsilvaseguros.com\/index.php\/vehiculos\/","url":"https:\/\/miguelsilvaseguros.com\/index.php\/vehiculos\/","name":"Veh\u00edculos - Miguel Silva - Seguros e Inmobiliaria","isPartOf":{"@id":"https:\/\/miguelsilvaseguros.com\/#website"},"datePublished":"2023-07-06T00:32:24+00:00","dateModified":"2023-07-06T00:32:43+00:00","breadcrumb":{"@id":"https:\/\/miguelsilvaseguros.com\/index.php\/vehiculos\/#breadcrumb"},"inLanguage":"es","potentialAction":[{"@type":"ReadAction","target":["https:\/\/miguelsilvaseguros.com\/index.php\/vehiculos\/"]}]},{"@type":"BreadcrumbList","@id":"https:\/\/miguelsilvaseguros.com\/index.php\/vehiculos\/#breadcrumb","itemListElement":[{"@type":"ListItem","position":1,"name":"Portada","item":"https:\/\/miguelsilvaseguros.com\/"},{"@type":"ListItem","position":2,"name":"Veh\u00edculos"}]},{"@type":"WebSite","@id":"https:\/\/miguelsilvaseguros.com\/#website","url":"https:\/\/miguelsilvaseguros.com\/","name":"Miguel Silva - Seguros e Inmobiliaria","description":"Asesoramiento en la compra y venta de Propiedades y Seguros.","potentialAction":[{"@type":"SearchAction","target":{"@type":"EntryPoint","urlTemplate":"https:\/\/miguelsilvaseguros.com\/?s={search_term_string}"},"query-input":"required name=search_term_string"}],"inLanguage":"es"}]}},"_links":{"self":[{"href":"https:\/\/miguelsilvaseguros.com\/index.php\/wp-json\/wp\/v2\/pages\/146","targetHints":{"allow":["GET"]}}],"collection":[{"href":"https:\/\/miguelsilvaseguros.com\/index.php\/wp-json\/wp\/v2\/pages"}],"about":[{"href":"https:\/\/miguelsilvaseguros.com\/index.php\/wp-json\/wp\/v2\/types\/page"}],"author":[{"embeddable":true,"href":"https:\/\/miguelsilvaseguros.com\/index.php\/wp-json\/wp\/v2\/users\/1"}],"replies":[{"embeddable":true,"href":"https:\/\/miguelsilvaseguros.com\/index.php\/wp-json\/wp\/v2\/comments?post=146"}],"version-history":[{"count":1,"href":"https:\/\/miguelsilvaseguros.com\/index.php\/wp-json\/wp\/v2\/pages\/146\/revisions"}],"predecessor-version":[{"id":147,"href":"https:\/\/miguelsilvaseguros.com\/index.php\/wp-json\/wp\/v2\/pages\/146\/revisions\/147"}],"wp:attachment":[{"href":"https:\/\/miguelsilvaseguros.com\/index.php\/wp-json\/wp\/v2\/media?parent=146"}],"curies":[{"name":"wp","href":"https:\/\/api.w.org\/{rel}","templated":true}]}}