{"id":149,"date":"2023-07-05T21:43:54","date_gmt":"2023-07-06T00:43:54","guid":{"rendered":"https:\/\/miguelsilvaseguros.com\/?page_id=149"},"modified":"2023-07-05T21:44:05","modified_gmt":"2023-07-06T00:44:05","slug":"credito-a-la-exportacion","status":"publish","type":"page","link":"https:\/\/miguelsilvaseguros.com\/index.php\/credito-a-la-exportacion\/","title":{"rendered":"Cr\u00e9dito a la Exportaci\u00f3n"},"content":{"rendered":"\n<p>Seguro por el cual el BSE cubre la p\u00e9rdida que el Asegurado pueda experimentar por el impago del cr\u00e9dito otorgado en una operaci\u00f3n de exportaci\u00f3n.<\/p>\n\n\n\n<div class=\"guten-element guten-accordions guten-dC5kwf\">\n<div class=\"accordion-item active\"><div class=\"accordion-heading\"><div class=\"accordion-icon\"><span class=\"accordion-icon-open\"><i class=\"fas fa-minus\"><\/i><\/span><span class=\"accordion-icon-closed\"><i class=\"fas fa-plus\"><\/i><\/span><\/div><span class=\"accordion-text\">Descripci\u00f3n<\/span><\/div><div class=\"accordion-body\"><div class=\"accordion-content\">\n<p>Esta p\u00f3liza cubre exclusivamente p\u00e9rdidas financieras (impago de cr\u00e9ditos), y no los da\u00f1os que el asegurado pueda sufrir por deterioro, p\u00e9rdida o destrucci\u00f3n de una mercanc\u00eda en tr\u00e1nsito.<\/p>\n\n\n\n<p>En ese sentido, el seguro cubre el impago de los cr\u00e9ditos cuando sean consecuencia de los siguientes riesgos:<\/p>\n\n\n\n<ul class=\"wp-block-list\">\n<li>Insolvencia del Deudor<\/li>\n\n\n\n<li>Mora prolongada<\/li>\n<\/ul>\n\n\n\n<p><strong>Ventajas y Beneficios<\/strong><\/p>\n\n\n\n<ul class=\"wp-block-list\">\n<li>Competitivas: Permite ampliar las ventas, otorg\u00e1ndole al exportador una mayor flexibilidad en el ofrecimiento de condiciones de pago a sus importadores. Ayuda a dise\u00f1ar y emprender nuevas operaciones diversificando sus mercados sin riesgo y a no perder cuota de mercado por temor a los impagos.<\/li>\n\n\n\n<li>Preventiva: Mediante el an\u00e1lisis de la solvencia comercial y moral de los compradores y el pago indemnizatorio de las p\u00e9rdidas sufridas por el asegurado, ante la insolvencia de sus compradores.<\/li>\n\n\n\n<li>Crediticia: Es una garant\u00eda ante las entidades financieras, facilitando la negociaci\u00f3n del descuento de efectos comerciales y para la obtenci\u00f3n de financiamiento de exportaciones.<\/li>\n<\/ul>\n\n\n\n<p><strong>Consult\u00e1nos<\/strong><\/p>\n<\/div><\/div><\/div>\n<\/div>\n\n\n\n<div class=\"guten-element guten-accordions guten-l3bSx9\">\n<div class=\"accordion-item\"><div class=\"accordion-heading\"><div class=\"accordion-icon\"><span class=\"accordion-icon-open\"><i class=\"fas fa-minus\"><\/i><\/span><span class=\"accordion-icon-closed\"><i class=\"fas fa-plus\"><\/i><\/span><\/div><span class=\"accordion-text\">Suscripci\u00f3n y forma de pago<\/span><\/div><div class=\"accordion-body\"><div class=\"accordion-content\">\n<p><strong>Modalidad:<\/strong><\/p>\n\n\n\n<p>La p\u00f3liza se contrata por el plazo de un a\u00f1o considerando la proyecci\u00f3n provisional de exportaciones que el Asegurado presenta.&nbsp;P\u00f3liza global: El Asegurado debe solicitar cobertura para todas sus exportaciones a cr\u00e9dito (excepto las acordadas con carta de cr\u00e9dito confirmada).<\/p>\n\n\n\n<p><strong>Plazos:<\/strong><\/p>\n\n\n\n<p>Los plazos de pago amparables por el seguro pueden variar desde 30 a 180 d\u00edas.<\/p>\n\n\n\n<p><strong>Forma de pago<\/strong><\/p>\n\n\n\n<p>Pod\u00e9s pagar tu factura a trav\u00e9s de:<\/p>\n\n\n\n<p>D\u00e9bito bancario:<\/p>\n\n\n\n<ul class=\"wp-block-list\">\n<li>BANCO BANDES<\/li>\n\n\n\n<li>BANCO SANTANDER<\/li>\n\n\n\n<li>BANCO ITA\u00da<\/li>\n\n\n\n<li>BBVA BANK<\/li>\n\n\n\n<li>B.R.O.U.<\/li>\n\n\n\n<li>CITIBANK<\/li>\n\n\n\n<li>SCOTIA BANK<\/li>\n\n\n\n<li>HSBC<\/li>\n<\/ul>\n\n\n\n<p>D\u00e9bito por tarjeta de cr\u00e9dito:<\/p>\n\n\n\n<ul class=\"wp-block-list\">\n<li>CABAL<\/li>\n\n\n\n<li>DINERS CLUB INTERNACIONAL S.A.<\/li>\n\n\n\n<li>MASTER CARD<\/li>\n\n\n\n<li>OCA CARD<\/li>\n\n\n\n<li>VISA<\/li>\n<\/ul>\n\n\n\n<p>Cobranza en locales:<\/p>\n\n\n\n<ul class=\"wp-block-list\">\n<li>BSE: CASA CENTRAL Y DEPENDENCIAS<\/li>\n\n\n\n<li>LOCALES DE CORREO (CORREO BANC)<\/li>\n\n\n\n<li>RED ABITAB<\/li>\n\n\n\n<li>RED PAGOS<\/li>\n\n\n\n<li>URUPAGO<\/li>\n<\/ul>\n\n\n\n<p>Pagos electr\u00f3nicos:<\/p>\n\n\n\n<ul class=\"wp-block-list\">\n<li>BANRED<\/li>\n\n\n\n<li>e-BROU<\/li>\n\n\n\n<li>VISANET PAGOS<\/li>\n<\/ul>\n<\/div><\/div><\/div>\n<\/div>\n\n\n\n<div class=\"guten-element guten-accordions guten-EuSZGF\">\n<div class=\"accordion-item active\"><div class=\"accordion-heading\"><div class=\"accordion-icon\"><span class=\"accordion-icon-open\"><i class=\"fas fa-minus\"><\/i><\/span><span class=\"accordion-icon-closed\"><i class=\"fas fa-plus\"><\/i><\/span><\/div><span class=\"accordion-text\">Formularios y Condiciones Generales de la P\u00f3liza<\/span><\/div><div class=\"accordion-body\"><div class=\"accordion-content\">\n<p><a href=\"https:\/\/www.bse.com.uy\/wps\/wcm\/connect\/08993ce5-02b9-4fe3-83e2-f7e58d50e433\/3155-SCE-Solicitud-de-Cotizacion.pdf?MOD=AJPERES&amp;CVID=n22ZGCS\" target=\"_blank\" rel=\"noreferrer noopener\">Formulario<\/a><\/p>\n\n\n\n<p><\/p>\n\n\n\n<p><a href=\"https:\/\/www.bse.com.uy\/wps\/wcm\/connect\/f837054a-e5f0-4d7a-adcd-1e61d63c0b9f\/02275+-+02+-+Fianzas+-+CGP+-+Cr%C3%A9dito+a+la+Exporaci%C3%B3n+-+2021+AGOSTO.pdf?MOD=AJPERES&amp;CVID=nPCYIb-\" target=\"_blank\" rel=\"noreferrer noopener\">Condiciones&nbsp;Generales&nbsp;de&nbsp;la&nbsp;P\u00f3liza<\/a><\/p>\n<\/div><\/div><\/div>\n<\/div>\n\n\n\n<p>4<\/p>\n\n\n\n<p>4<\/p>\n\n\n\n<p><\/p>\n","protected":false},"excerpt":{"rendered":"<p>Seguro por el cual el BSE cubre la p\u00e9rdida que el Asegurado pueda experimentar por el impago del cr\u00e9dito otorgado en una operaci\u00f3n de exportaci\u00f3n. 4 4<\/p>\n","protected":false},"author":1,"featured_media":0,"parent":0,"menu_order":0,"comment_status":"closed","ping_status":"closed","template":"","meta":{"footnotes":""},"class_list":["post-149","page","type-page","status-publish","hentry"],"yoast_head":"<!-- This site is optimized with the Yoast SEO plugin v21.1 - https:\/\/yoast.com\/wordpress\/plugins\/seo\/ -->\n<title>Cr\u00e9dito a la Exportaci\u00f3n - Miguel Silva - Seguros e Inmobiliaria<\/title>\n<meta name=\"robots\" content=\"index, follow, max-snippet:-1, max-image-preview:large, max-video-preview:-1\" \/>\n<link rel=\"canonical\" href=\"https:\/\/miguelsilvaseguros.com\/index.php\/credito-a-la-exportacion\/\" \/>\n<meta property=\"og:locale\" content=\"es_ES\" \/>\n<meta property=\"og:type\" content=\"article\" \/>\n<meta property=\"og:title\" content=\"Cr\u00e9dito a la Exportaci\u00f3n - Miguel Silva - Seguros e Inmobiliaria\" \/>\n<meta property=\"og:description\" content=\"Seguro por el cual el BSE cubre la p\u00e9rdida que el Asegurado pueda experimentar por el impago del cr\u00e9dito otorgado en una operaci\u00f3n de exportaci\u00f3n. 4 4\" \/>\n<meta property=\"og:url\" content=\"https:\/\/miguelsilvaseguros.com\/index.php\/credito-a-la-exportacion\/\" \/>\n<meta property=\"og:site_name\" content=\"Miguel Silva - Seguros e Inmobiliaria\" \/>\n<meta property=\"article:modified_time\" content=\"2023-07-06T00:44:05+00:00\" \/>\n<meta name=\"twitter:card\" content=\"summary_large_image\" \/>\n<meta name=\"twitter:label1\" content=\"Tiempo de lectura\" \/>\n\t<meta name=\"twitter:data1\" content=\"2 minutos\" \/>\n<script type=\"application\/ld+json\" class=\"yoast-schema-graph\">{\"@context\":\"https:\/\/schema.org\",\"@graph\":[{\"@type\":\"WebPage\",\"@id\":\"https:\/\/miguelsilvaseguros.com\/index.php\/credito-a-la-exportacion\/\",\"url\":\"https:\/\/miguelsilvaseguros.com\/index.php\/credito-a-la-exportacion\/\",\"name\":\"Cr\u00e9dito a la Exportaci\u00f3n - Miguel Silva - Seguros e Inmobiliaria\",\"isPartOf\":{\"@id\":\"https:\/\/miguelsilvaseguros.com\/#website\"},\"datePublished\":\"2023-07-06T00:43:54+00:00\",\"dateModified\":\"2023-07-06T00:44:05+00:00\",\"breadcrumb\":{\"@id\":\"https:\/\/miguelsilvaseguros.com\/index.php\/credito-a-la-exportacion\/#breadcrumb\"},\"inLanguage\":\"es\",\"potentialAction\":[{\"@type\":\"ReadAction\",\"target\":[\"https:\/\/miguelsilvaseguros.com\/index.php\/credito-a-la-exportacion\/\"]}]},{\"@type\":\"BreadcrumbList\",\"@id\":\"https:\/\/miguelsilvaseguros.com\/index.php\/credito-a-la-exportacion\/#breadcrumb\",\"itemListElement\":[{\"@type\":\"ListItem\",\"position\":1,\"name\":\"Portada\",\"item\":\"https:\/\/miguelsilvaseguros.com\/\"},{\"@type\":\"ListItem\",\"position\":2,\"name\":\"Cr\u00e9dito a la Exportaci\u00f3n\"}]},{\"@type\":\"WebSite\",\"@id\":\"https:\/\/miguelsilvaseguros.com\/#website\",\"url\":\"https:\/\/miguelsilvaseguros.com\/\",\"name\":\"Miguel Silva - Seguros e Inmobiliaria\",\"description\":\"Asesoramiento en la compra y venta de Propiedades y Seguros.\",\"potentialAction\":[{\"@type\":\"SearchAction\",\"target\":{\"@type\":\"EntryPoint\",\"urlTemplate\":\"https:\/\/miguelsilvaseguros.com\/?s={search_term_string}\"},\"query-input\":\"required name=search_term_string\"}],\"inLanguage\":\"es\"}]}<\/script>\n<!-- \/ Yoast SEO plugin. -->","yoast_head_json":{"title":"Cr\u00e9dito a la Exportaci\u00f3n - Miguel Silva - Seguros e Inmobiliaria","robots":{"index":"index","follow":"follow","max-snippet":"max-snippet:-1","max-image-preview":"max-image-preview:large","max-video-preview":"max-video-preview:-1"},"canonical":"https:\/\/miguelsilvaseguros.com\/index.php\/credito-a-la-exportacion\/","og_locale":"es_ES","og_type":"article","og_title":"Cr\u00e9dito a la Exportaci\u00f3n - Miguel Silva - Seguros e Inmobiliaria","og_description":"Seguro por el cual el BSE cubre la p\u00e9rdida que el Asegurado pueda experimentar por el impago del cr\u00e9dito otorgado en una operaci\u00f3n de exportaci\u00f3n. 4 4","og_url":"https:\/\/miguelsilvaseguros.com\/index.php\/credito-a-la-exportacion\/","og_site_name":"Miguel Silva - Seguros e Inmobiliaria","article_modified_time":"2023-07-06T00:44:05+00:00","twitter_card":"summary_large_image","twitter_misc":{"Tiempo de lectura":"2 minutos"},"schema":{"@context":"https:\/\/schema.org","@graph":[{"@type":"WebPage","@id":"https:\/\/miguelsilvaseguros.com\/index.php\/credito-a-la-exportacion\/","url":"https:\/\/miguelsilvaseguros.com\/index.php\/credito-a-la-exportacion\/","name":"Cr\u00e9dito a la Exportaci\u00f3n - Miguel Silva - Seguros e Inmobiliaria","isPartOf":{"@id":"https:\/\/miguelsilvaseguros.com\/#website"},"datePublished":"2023-07-06T00:43:54+00:00","dateModified":"2023-07-06T00:44:05+00:00","breadcrumb":{"@id":"https:\/\/miguelsilvaseguros.com\/index.php\/credito-a-la-exportacion\/#breadcrumb"},"inLanguage":"es","potentialAction":[{"@type":"ReadAction","target":["https:\/\/miguelsilvaseguros.com\/index.php\/credito-a-la-exportacion\/"]}]},{"@type":"BreadcrumbList","@id":"https:\/\/miguelsilvaseguros.com\/index.php\/credito-a-la-exportacion\/#breadcrumb","itemListElement":[{"@type":"ListItem","position":1,"name":"Portada","item":"https:\/\/miguelsilvaseguros.com\/"},{"@type":"ListItem","position":2,"name":"Cr\u00e9dito a la Exportaci\u00f3n"}]},{"@type":"WebSite","@id":"https:\/\/miguelsilvaseguros.com\/#website","url":"https:\/\/miguelsilvaseguros.com\/","name":"Miguel Silva - Seguros e Inmobiliaria","description":"Asesoramiento en la compra y venta de Propiedades y Seguros.","potentialAction":[{"@type":"SearchAction","target":{"@type":"EntryPoint","urlTemplate":"https:\/\/miguelsilvaseguros.com\/?s={search_term_string}"},"query-input":"required name=search_term_string"}],"inLanguage":"es"}]}},"_links":{"self":[{"href":"https:\/\/miguelsilvaseguros.com\/index.php\/wp-json\/wp\/v2\/pages\/149","targetHints":{"allow":["GET"]}}],"collection":[{"href":"https:\/\/miguelsilvaseguros.com\/index.php\/wp-json\/wp\/v2\/pages"}],"about":[{"href":"https:\/\/miguelsilvaseguros.com\/index.php\/wp-json\/wp\/v2\/types\/page"}],"author":[{"embeddable":true,"href":"https:\/\/miguelsilvaseguros.com\/index.php\/wp-json\/wp\/v2\/users\/1"}],"replies":[{"embeddable":true,"href":"https:\/\/miguelsilvaseguros.com\/index.php\/wp-json\/wp\/v2\/comments?post=149"}],"version-history":[{"count":1,"href":"https:\/\/miguelsilvaseguros.com\/index.php\/wp-json\/wp\/v2\/pages\/149\/revisions"}],"predecessor-version":[{"id":150,"href":"https:\/\/miguelsilvaseguros.com\/index.php\/wp-json\/wp\/v2\/pages\/149\/revisions\/150"}],"wp:attachment":[{"href":"https:\/\/miguelsilvaseguros.com\/index.php\/wp-json\/wp\/v2\/media?parent=149"}],"curies":[{"name":"wp","href":"https:\/\/api.w.org\/{rel}","templated":true}]}}