{"id":152,"date":"2023-07-06T22:33:29","date_gmt":"2023-07-07T01:33:29","guid":{"rendered":"https:\/\/miguelsilvaseguros.com\/?page_id=152"},"modified":"2023-07-06T22:42:28","modified_gmt":"2023-07-07T01:42:28","slug":"cristales","status":"publish","type":"page","link":"https:\/\/miguelsilvaseguros.com\/index.php\/cristales\/","title":{"rendered":"Cristales"},"content":{"rendered":"\n<p>En una sola p\u00f3liza pod\u00e9s asegurar los cristales, espejos y vidrios de tu vivienda o comercio.<\/p>\n\n\n\n<p><\/p>\n\n\n\n<div class=\"guten-element guten-accordions guten-zzX0X6\">\n<div class=\"accordion-item\"><div class=\"accordion-heading\"><div class=\"accordion-icon\"><span class=\"accordion-icon-open\"><i class=\"fas fa-minus\"><\/i><\/span><span class=\"accordion-icon-closed\"><i class=\"fas fa-plus\"><\/i><\/span><\/div><span class=\"accordion-text\">Descripci\u00f3n<\/span><\/div><div class=\"accordion-body\"><div class=\"accordion-content\">\n<p>En una sola p\u00f3liza pod\u00e9s asegurar los cristales, espejos y vidrios de tu vivienda o comercio.<\/p>\n\n\n\n<p>No es necesario realizar inventarios ni inspecciones. Los da\u00f1os quedan cubiertos hasta el monto de capital que elijas.<\/p>\n\n\n\n<p>Para reponer el cristal siniestrado, pod\u00e9s&nbsp;utilizar el&nbsp;<a href=\"https:\/\/www.bse.com.uy\/portal-comercial\/seguros\/seguro-cristales-viviendas\/!ut\/p\/z1\/04_Sj9CPykssy0xPLMnMz0vMAfIjo8zi_f09jDw8TYx8_YMtzQ0CXVzDgj293YyM3E30w8EKDHAARwP9KGL041EQhd_4cP0osBJDD28TD5NgA28L0zADg0BTjxADTzM3Q-9QQ3QF7i5-FkAFnmYufgEBBv6h5lAFeCwpyA2NMMj0VAQA6ujq4A!!\/?1dmy&amp;urile=wcm%3apath%3a\/wps\/wcm\/connect\/portal-comercial\/inicio\/beneficios\/servicios\/servicio+de+asistencia\/servicio-asistencia\">Servicio de Asistencia BSE<\/a>&nbsp;&nbsp;o elegir la vidrier\u00eda de tu confianza.<\/p>\n<\/div><\/div><\/div>\n<\/div>\n\n\n\n<div class=\"guten-element guten-accordions guten-eg5RCN\">\n<div class=\"accordion-item\"><div class=\"accordion-heading\"><div class=\"accordion-icon\"><span class=\"accordion-icon-open\"><i class=\"fas fa-minus\"><\/i><\/span><span class=\"accordion-icon-closed\"><i class=\"fas fa-plus\"><\/i><\/span><\/div><span class=\"accordion-text\">Da\u00f1os Cubiertos<\/span><\/div><div class=\"accordion-body\"><div class=\"accordion-content\">\n<p>Rotura de cristales causadas por golpes o choques accidentales a consecuencia de:<\/p>\n\n\n\n<ul class=\"wp-block-list\">\n<li>Hecho, imprudencia o malevolencia de terceros<\/li>\n\n\n\n<li>Acto involuntario del Asegurado o de las personas que trabajen o se encuentren en el local asegurado<\/li>\n\n\n\n<li>Alboroto o tumulto popular<\/li>\n\n\n\n<li>Temporales o granizo<\/li>\n<\/ul>\n\n\n\n<p>Por m\u00e1s informaci\u00f3n sobre esta cobertura, consult\u00e1 con tu Asesor de confianza o&nbsp;en Teleservicios 1998.<\/p>\n<\/div><\/div><\/div>\n<\/div>\n\n\n\n<div class=\"guten-element guten-accordions guten-XnEo5C\">\n<div class=\"accordion-item\"><div class=\"accordion-heading\"><div class=\"accordion-icon\"><span class=\"accordion-icon-open\"><i class=\"fas fa-minus\"><\/i><\/span><span class=\"accordion-icon-closed\"><i class=\"fas fa-plus\"><\/i><\/span><\/div><span class=\"accordion-text\">Beneficios<\/span><\/div><div class=\"accordion-body\"><div class=\"accordion-content\">\n<p><p dir=\"ltr\" style=\"color: rgb(102, 102, 102); font-family: Avenir, -apple-system, BlinkMacSystemFont, &quot;Segoe UI&quot;, Roboto, Oxygen, Ubuntu, Cantarell, &quot;Fira Sans&quot;, &quot;Droid Sans&quot;, &quot;Helvetica Neue&quot;, sans-serif; font-size: 16px; font-style: normal; font-variant-ligatures: normal; font-variant-caps: normal; font-weight: 400; letter-spacing: normal; orphans: 2; text-align: start; text-indent: 0px; text-transform: none; widows: 2; word-spacing: 0px; -webkit-text-stroke-width: 0px; white-space: normal; text-decoration-thickness: initial; text-decoration-style: initial; text-decoration-color: initial;\">En caso de siniestro, nuestro seguro de Cristales cuenta con<span>\u00a0<\/span><a style=\"color: rgb(0, 165, 225); text-decoration: none;\" href=\"https:\/\/www.bse.com.uy\/portal-comercial\/seguros\/seguro-cristales-viviendas\/!ut\/p\/z1\/04_Sj9CPykssy0xPLMnMz0vMAfIjo8zi_f09jDw8TYx8_YMtzQ0CXVzDgj293YyM3E30w8EKDHAARwP9KGL041EQhd_4cP0osBJDD28TD5NgA28L0zADg0BTjxADTzM3Q-9QQ3QF7i5-FkAFnmYufgEBBv6h5lAFeCwpyA2NMMj0VAQA6ujq4A!!\/?1dmy&amp;urile=wcm%3apath%3a\/wps\/wcm\/connect\/portal-comercial\/inicio\/beneficios\/hogar\/servicio+de+asistencia\" target=\"_self\" rel=\"noopener\">Servicio de Asistencia del BSE<\/a>.Con este servicio no debes desembolsar dinero al momento de la reparaci\u00f3n.\u00a0Adem\u00e1s, podr\u00e1s solicitar guardia de seguridad si fuera necesario.Si para reponer el cristal roto hubiera que hacer trabajos de carpinter\u00eda o de otra \u00edndole, el BSE asumir\u00e1 el costo de los mismos hasta $ 3.000.Pod\u00e9s solicitarlo llamando al 2916 1998.<\/p><\/p>\n<\/div><\/div><\/div>\n<\/div>\n\n\n\n<div class=\"guten-element guten-accordions guten-VmKsGZ\">\n<div class=\"accordion-item\"><div class=\"accordion-heading\"><div class=\"accordion-icon\"><span class=\"accordion-icon-open\"><i class=\"fas fa-minus\"><\/i><\/span><span class=\"accordion-icon-closed\"><i class=\"fas fa-plus\"><\/i><\/span><\/div><span class=\"accordion-text\">Suscripci\u00f3n y forma de pago<\/span><\/div><div class=\"accordion-body\"><div class=\"accordion-content\">\n<p><strong>Vigencia<\/strong><\/p>\n\n\n\n<p>Per\u00edodos&nbsp;Anual<\/p>\n\n\n\n<p><strong>Forma de pago<\/strong><\/p>\n\n\n\n<p>Pod\u00e9s pagar tu factura a trav\u00e9s de:<\/p>\n\n\n\n<p>D\u00e9bito bancario:<\/p>\n\n\n\n<ul class=\"wp-block-list\">\n<li>BANCO BANDES<\/li>\n\n\n\n<li>BANCO SANTANDER<\/li>\n\n\n\n<li>BANCO ITA\u00da<\/li>\n\n\n\n<li>BBVA BANK<\/li>\n\n\n\n<li>B.R.O.U.<\/li>\n\n\n\n<li>CITIBANK<\/li>\n\n\n\n<li>SCOTIA BANK<\/li>\n\n\n\n<li>HSBC<\/li>\n<\/ul>\n\n\n\n<p>D\u00e9bito por tarjeta de cr\u00e9dito:<\/p>\n\n\n\n<ul class=\"wp-block-list\">\n<li>CABAL<\/li>\n\n\n\n<li>DINERS CLUB INTERNACIONAL S.A.<\/li>\n\n\n\n<li>MASTER CARD<\/li>\n\n\n\n<li>OCA CARD<\/li>\n\n\n\n<li>VISA<\/li>\n<\/ul>\n\n\n\n<p>Cobranza en locales:<\/p>\n\n\n\n<ul class=\"wp-block-list\">\n<li>BSE: CASA CENTRAL Y DEPENDENCIAS<\/li>\n\n\n\n<li>LOCALES DE CORREO (CORREO BANC)<\/li>\n\n\n\n<li>RED ABITAB<\/li>\n\n\n\n<li>RED PAGOS<\/li>\n\n\n\n<li>URUPAGO<\/li>\n<\/ul>\n\n\n\n<p>Pagos electr\u00f3nicos:<\/p>\n\n\n\n<ul class=\"wp-block-list\">\n<li>BANRED<\/li>\n\n\n\n<li>e-BROU<\/li>\n\n\n\n<li>VISANET PAGOS<\/li>\n<\/ul>\n\n\n\n<p>&nbsp;&nbsp;&nbsp;Nota: Consult\u00e1 por financiaci\u00f3n de este seguro<\/p>\n<\/div><\/div><\/div>\n<\/div>\n\n\n\n<div class=\"guten-element guten-accordions guten-rc8mFK\">\n<div class=\"accordion-item\"><div class=\"accordion-heading\"><div class=\"accordion-icon\"><span class=\"accordion-icon-open\"><i class=\"fas fa-minus\"><\/i><\/span><span class=\"accordion-icon-closed\"><i class=\"fas fa-plus\"><\/i><\/span><\/div><span class=\"accordion-text\">Formularios y Condiciones Generales de la P\u00f3liza<\/span><\/div><div class=\"accordion-body\"><div class=\"accordion-content\">\n<p><a href=\"https:\/\/www.bse.com.uy\/wps\/wcm\/connect\/ff321abe-0c04-44cb-9e16-ee27da4181c2\/01747-CRISPR+y+CRISVT+-+11+-+Cristales+-+Solicitud+de+seguro+-+2021+ENE.pdf?MOD=AJPERES&amp;ContentCache=NONE&amp;CACHE=NONE&amp;CVID=nD3DIpt\" target=\"_blank\" rel=\"noreferrer noopener\">Formulario<\/a><\/p>\n\n\n\n<p><\/p>\n\n\n\n<p><a href=\"https:\/\/www.bse.com.uy\/wps\/wcm\/connect\/a18c7b3c-be7d-42d9-bb43-9c080d4ee662\/03307+%28ex+1744+y+1745%29+-+03+-+Cristales+-+Cond.+Grales+-+OCT+2020.pdf?MOD=AJPERES&amp;ContentCache=NONE&amp;CACHE=NONE&amp;CVID=nD3CvoY\" target=\"_blank\" rel=\"noreferrer noopener\">Condiciones Generales de la P\u00f3liza<\/a><\/p>\n<\/div><\/div><\/div>\n<\/div>\n\n\n\n<p><\/p>\n","protected":false},"excerpt":{"rendered":"<p>En una sola p\u00f3liza pod\u00e9s asegurar los cristales, espejos y vidrios de tu vivienda o comercio.<\/p>\n","protected":false},"author":1,"featured_media":0,"parent":0,"menu_order":0,"comment_status":"closed","ping_status":"closed","template":"","meta":{"footnotes":""},"class_list":["post-152","page","type-page","status-publish","hentry"],"yoast_head":"<!-- This site is optimized with the Yoast SEO plugin v21.1 - https:\/\/yoast.com\/wordpress\/plugins\/seo\/ -->\n<title>Cristales - Miguel Silva - Seguros e Inmobiliaria<\/title>\n<meta name=\"robots\" content=\"index, follow, max-snippet:-1, max-image-preview:large, max-video-preview:-1\" \/>\n<link rel=\"canonical\" href=\"https:\/\/miguelsilvaseguros.com\/index.php\/cristales\/\" \/>\n<meta property=\"og:locale\" content=\"es_ES\" \/>\n<meta property=\"og:type\" content=\"article\" \/>\n<meta property=\"og:title\" content=\"Cristales - Miguel Silva - Seguros e Inmobiliaria\" \/>\n<meta property=\"og:description\" content=\"En una sola p\u00f3liza pod\u00e9s asegurar los cristales, espejos y vidrios de tu vivienda o comercio.\" \/>\n<meta property=\"og:url\" content=\"https:\/\/miguelsilvaseguros.com\/index.php\/cristales\/\" \/>\n<meta property=\"og:site_name\" content=\"Miguel Silva - Seguros e Inmobiliaria\" \/>\n<meta property=\"article:modified_time\" content=\"2023-07-07T01:42:28+00:00\" \/>\n<meta name=\"twitter:card\" content=\"summary_large_image\" \/>\n<meta name=\"twitter:label1\" content=\"Tiempo de lectura\" \/>\n\t<meta name=\"twitter:data1\" content=\"2 minutos\" \/>\n<script type=\"application\/ld+json\" class=\"yoast-schema-graph\">{\"@context\":\"https:\/\/schema.org\",\"@graph\":[{\"@type\":\"WebPage\",\"@id\":\"https:\/\/miguelsilvaseguros.com\/index.php\/cristales\/\",\"url\":\"https:\/\/miguelsilvaseguros.com\/index.php\/cristales\/\",\"name\":\"Cristales - Miguel Silva - Seguros e Inmobiliaria\",\"isPartOf\":{\"@id\":\"https:\/\/miguelsilvaseguros.com\/#website\"},\"datePublished\":\"2023-07-07T01:33:29+00:00\",\"dateModified\":\"2023-07-07T01:42:28+00:00\",\"breadcrumb\":{\"@id\":\"https:\/\/miguelsilvaseguros.com\/index.php\/cristales\/#breadcrumb\"},\"inLanguage\":\"es\",\"potentialAction\":[{\"@type\":\"ReadAction\",\"target\":[\"https:\/\/miguelsilvaseguros.com\/index.php\/cristales\/\"]}]},{\"@type\":\"BreadcrumbList\",\"@id\":\"https:\/\/miguelsilvaseguros.com\/index.php\/cristales\/#breadcrumb\",\"itemListElement\":[{\"@type\":\"ListItem\",\"position\":1,\"name\":\"Portada\",\"item\":\"https:\/\/miguelsilvaseguros.com\/\"},{\"@type\":\"ListItem\",\"position\":2,\"name\":\"Cristales\"}]},{\"@type\":\"WebSite\",\"@id\":\"https:\/\/miguelsilvaseguros.com\/#website\",\"url\":\"https:\/\/miguelsilvaseguros.com\/\",\"name\":\"Miguel Silva - Seguros e Inmobiliaria\",\"description\":\"Asesoramiento en la compra y venta de Propiedades y Seguros.\",\"potentialAction\":[{\"@type\":\"SearchAction\",\"target\":{\"@type\":\"EntryPoint\",\"urlTemplate\":\"https:\/\/miguelsilvaseguros.com\/?s={search_term_string}\"},\"query-input\":\"required name=search_term_string\"}],\"inLanguage\":\"es\"}]}<\/script>\n<!-- \/ Yoast SEO plugin. -->","yoast_head_json":{"title":"Cristales - Miguel Silva - Seguros e Inmobiliaria","robots":{"index":"index","follow":"follow","max-snippet":"max-snippet:-1","max-image-preview":"max-image-preview:large","max-video-preview":"max-video-preview:-1"},"canonical":"https:\/\/miguelsilvaseguros.com\/index.php\/cristales\/","og_locale":"es_ES","og_type":"article","og_title":"Cristales - Miguel Silva - Seguros e Inmobiliaria","og_description":"En una sola p\u00f3liza pod\u00e9s asegurar los cristales, espejos y vidrios de tu vivienda o comercio.","og_url":"https:\/\/miguelsilvaseguros.com\/index.php\/cristales\/","og_site_name":"Miguel Silva - Seguros e Inmobiliaria","article_modified_time":"2023-07-07T01:42:28+00:00","twitter_card":"summary_large_image","twitter_misc":{"Tiempo de lectura":"2 minutos"},"schema":{"@context":"https:\/\/schema.org","@graph":[{"@type":"WebPage","@id":"https:\/\/miguelsilvaseguros.com\/index.php\/cristales\/","url":"https:\/\/miguelsilvaseguros.com\/index.php\/cristales\/","name":"Cristales - Miguel Silva - Seguros e Inmobiliaria","isPartOf":{"@id":"https:\/\/miguelsilvaseguros.com\/#website"},"datePublished":"2023-07-07T01:33:29+00:00","dateModified":"2023-07-07T01:42:28+00:00","breadcrumb":{"@id":"https:\/\/miguelsilvaseguros.com\/index.php\/cristales\/#breadcrumb"},"inLanguage":"es","potentialAction":[{"@type":"ReadAction","target":["https:\/\/miguelsilvaseguros.com\/index.php\/cristales\/"]}]},{"@type":"BreadcrumbList","@id":"https:\/\/miguelsilvaseguros.com\/index.php\/cristales\/#breadcrumb","itemListElement":[{"@type":"ListItem","position":1,"name":"Portada","item":"https:\/\/miguelsilvaseguros.com\/"},{"@type":"ListItem","position":2,"name":"Cristales"}]},{"@type":"WebSite","@id":"https:\/\/miguelsilvaseguros.com\/#website","url":"https:\/\/miguelsilvaseguros.com\/","name":"Miguel Silva - Seguros e Inmobiliaria","description":"Asesoramiento en la compra y venta de Propiedades y Seguros.","potentialAction":[{"@type":"SearchAction","target":{"@type":"EntryPoint","urlTemplate":"https:\/\/miguelsilvaseguros.com\/?s={search_term_string}"},"query-input":"required name=search_term_string"}],"inLanguage":"es"}]}},"_links":{"self":[{"href":"https:\/\/miguelsilvaseguros.com\/index.php\/wp-json\/wp\/v2\/pages\/152","targetHints":{"allow":["GET"]}}],"collection":[{"href":"https:\/\/miguelsilvaseguros.com\/index.php\/wp-json\/wp\/v2\/pages"}],"about":[{"href":"https:\/\/miguelsilvaseguros.com\/index.php\/wp-json\/wp\/v2\/types\/page"}],"author":[{"embeddable":true,"href":"https:\/\/miguelsilvaseguros.com\/index.php\/wp-json\/wp\/v2\/users\/1"}],"replies":[{"embeddable":true,"href":"https:\/\/miguelsilvaseguros.com\/index.php\/wp-json\/wp\/v2\/comments?post=152"}],"version-history":[{"count":3,"href":"https:\/\/miguelsilvaseguros.com\/index.php\/wp-json\/wp\/v2\/pages\/152\/revisions"}],"predecessor-version":[{"id":157,"href":"https:\/\/miguelsilvaseguros.com\/index.php\/wp-json\/wp\/v2\/pages\/152\/revisions\/157"}],"wp:attachment":[{"href":"https:\/\/miguelsilvaseguros.com\/index.php\/wp-json\/wp\/v2\/media?parent=152"}],"curies":[{"name":"wp","href":"https:\/\/api.w.org\/{rel}","templated":true}]}}