{"id":159,"date":"2023-07-06T23:07:27","date_gmt":"2023-07-07T02:07:27","guid":{"rendered":"https:\/\/miguelsilvaseguros.com\/?page_id=159"},"modified":"2023-07-06T23:07:34","modified_gmt":"2023-07-07T02:07:34","slug":"responsabilidad-civil","status":"publish","type":"page","link":"https:\/\/miguelsilvaseguros.com\/index.php\/responsabilidad-civil\/","title":{"rendered":"Responsabilidad Civil"},"content":{"rendered":"\n<p>Diferentes coberturas que te protegen por los perjuicios que puedas ocasionar a terceros, ya sea por tu responsabilidad personal o profesional.<\/p>\n\n\n\n<p>renglonn<\/p>\n\n\n\n<div class=\"guten-element guten-tabs guten-YiQUTT horizontal\"><div class=\"tab-heading\"><div class=\"tab-heading-item active\" id=\"ZFnEji\" data-id=\"ZFnEji\"><span><strong>RC Ascensores e Inmuebles<\/strong><\/span><\/div><div class=\"tab-heading-item\" id=\"ni4V3r\" data-id=\"ni4V3r\"><span>Tab 2<\/span><\/div><div class=\"tab-heading-item\" id=\"Bwmnjx\" data-id=\"Bwmnjx\"><span>Tab 3<\/span><\/div><\/div><div class=\"tab-heading-mobile\"><div class=\"tab-title\"><span><strong>RC Ascensores e Inmuebles<\/strong><\/span><i class=\"tab-dropdown-icon fas\"><\/i><\/div><div class=\"tab-option\"><div data-id=\"ZFnEji\" class=\"tab-option-item active\"><span><strong>RC Ascensores e Inmuebles<\/strong><\/span><\/div><div data-id=\"ni4V3r\" class=\"tab-option-item\"><span>Tab 2<\/span><\/div><div data-id=\"Bwmnjx\" class=\"tab-option-item\"><span>Tab 3<\/span><\/div><\/div><\/div><div class=\"tab-body\">\n<div class=\"ZFnEji tab-body-item\" data-id=\"ZFnEji\">\n<p>Coberturas ante reclamos por da\u00f1os ocasionados por ascensores o por defectos de fabricaci\u00f3n o vicios de construcci\u00f3n de un inmueble.<\/p>\n\n\n\n<div class=\"guten-element guten-accordions guten-ZwgJ98\">\n<div class=\"accordion-item\"><div class=\"accordion-heading\"><div class=\"accordion-icon\"><span class=\"accordion-icon-open\"><i class=\"fas fa-minus\"><\/i><\/span><span class=\"accordion-icon-closed\"><i class=\"fas fa-plus\"><\/i><\/span><\/div><span class=\"accordion-text\">RESPONSABILIDAD CIVIL ASCENSORES<\/span><\/div><div class=\"accordion-body\"><div class=\"accordion-content\">\n<p>Ampara los reclamos por perjuicios que el Asegurado pueda ocasionar a otros a consecuencia de accidentes originados por los ascensores declarados en la p\u00f3liza.<\/p>\n<\/div><\/div><\/div>\n<\/div>\n\n\n\n<div class=\"guten-element guten-accordions guten-qEDuvV\">\n<div class=\"accordion-item\"><div class=\"accordion-heading\"><div class=\"accordion-icon\"><span class=\"accordion-icon-open\"><i class=\"fas fa-minus\"><\/i><\/span><span class=\"accordion-icon-closed\"><i class=\"fas fa-plus\"><\/i><\/span><\/div><span class=\"accordion-text\">RESPONSABILIDAD CIVIL INMUEBLES<\/span><\/div><div class=\"accordion-body\"><div class=\"accordion-content\">\n<p>Ampara los reclamos por da\u00f1os materiales y corporales a terceros provocados&nbsp;por defectos de mantenimiento o vicios de construcci\u00f3n de un inmueble, ya sea destinado a oficinas, viviendas, o comercio<\/p>\n\n\n\n<p>Se extiende tambi\u00e9n a los terrenos, muros, \u00e1rboles, r\u00edos, estanques y dem\u00e1s bienes ra\u00edces que forman parte de la propiedad, as\u00ed como a los da\u00f1os causados por el personal de servicio del inmueble mientras se encuentren trabajando en sus funciones.<\/p>\n\n\n\n<p>Riesgos Opcionales<\/p>\n\n\n\n<p>Por un costo muy accesible se puede incluir adem\u00e1s:<\/p>\n\n\n\n<p>Da\u00f1os materiales a bienes de terceros a consecuencia de Incendio y\/o Explosi\u00f3n&nbsp;Da\u00f1os provocados por los ascensores y\/o escaleras mec\u00e1nicas existentes en el inmueble.<\/p>\n<\/div><\/div><\/div>\n<\/div>\n\n\n\n<div class=\"guten-element guten-accordions guten-xSYTgD\">\n<div class=\"accordion-item\"><div class=\"accordion-heading\"><div class=\"accordion-icon\"><span class=\"accordion-icon-open\"><i class=\"fas fa-minus\"><\/i><\/span><span class=\"accordion-icon-closed\"><i class=\"fas fa-plus\"><\/i><\/span><\/div><span class=\"accordion-text\">Forma de Pago<\/span><\/div><div class=\"accordion-body\"><div class=\"accordion-content\">\n<p>Pod\u00e9s pagar tu factura a trav\u00e9s de:<\/p>\n\n\n\n<p>D\u00e9bito bancario:<\/p>\n\n\n\n<ul class=\"wp-block-list\">\n<li>BANCO BANDES<\/li>\n\n\n\n<li>BANCO SANTANDER<\/li>\n\n\n\n<li>BANCO ITA\u00da<\/li>\n\n\n\n<li>BBVA BANK<\/li>\n\n\n\n<li>B.R.O.U.<\/li>\n\n\n\n<li>CITIBANK<\/li>\n\n\n\n<li>SCOTIA BANK<\/li>\n\n\n\n<li>HSBC<\/li>\n<\/ul>\n\n\n\n<p>D\u00e9bito por tarjeta de cr\u00e9dito:<\/p>\n\n\n\n<ul class=\"wp-block-list\">\n<li>CABAL<\/li>\n\n\n\n<li>DINERS CLUB INTERNACIONAL S.A.<\/li>\n\n\n\n<li>MASTER CARD<\/li>\n\n\n\n<li>OCA CARD<\/li>\n\n\n\n<li>VISA<\/li>\n<\/ul>\n\n\n\n<p>Cobranza en locales:<\/p>\n\n\n\n<ul class=\"wp-block-list\">\n<li>BSE: CASA CENTRAL Y DEPENDENCIAS<\/li>\n\n\n\n<li>LOCALES DE CORREO (CORREO BANC)<\/li>\n\n\n\n<li>RED ABITAB<\/li>\n\n\n\n<li>RED PAGOS<\/li>\n\n\n\n<li>URUPAGO<\/li>\n<\/ul>\n\n\n\n<p>Pagos electr\u00f3nicos:<\/p>\n\n\n\n<ul class=\"wp-block-list\">\n<li>BANRED<\/li>\n\n\n\n<li>e-BROU<\/li>\n\n\n\n<li>VISANET PAGOS<\/li>\n<\/ul>\n\n\n\n<p>\u00a0\u00a0\u00a0Nota: Consult\u00e1 por financiaci\u00f3n de este seguro.<\/p>\n<\/div><\/div><\/div>\n<\/div>\n\n\n\n<div class=\"guten-element guten-accordions guten-fLW4FQ\">\n<div class=\"accordion-item\"><div class=\"accordion-heading\"><div class=\"accordion-icon\"><span class=\"accordion-icon-open\"><i class=\"fas fa-minus\"><\/i><\/span><span class=\"accordion-icon-closed\"><i class=\"fas fa-plus\"><\/i><\/span><\/div><span class=\"accordion-text\">Formularios y Condiciones Generales de la P\u00f3liza<\/span><\/div><div class=\"accordion-body\"><div class=\"accordion-content\">\n<p><a href=\"https:\/\/www.bse.com.uy\/wps\/wcm\/connect\/caf47678-5664-49f7-8d02-c1b32f0e3190\/382-RCASEM-Solicitud-de-Seguro.pdf?MOD=AJPERES&amp;ContentCache=NONE&amp;CACHE=NONE&amp;CVID=o7PfaG.\" target=\"_blank\" rel=\"noreferrer noopener\">Formulario Ascensores<\/a><\/p>\n\n\n\n<p><\/p>\n\n\n\n<p><a href=\"https:\/\/www.bse.com.uy\/wps\/wcm\/connect\/c491cf0b-1404-4205-bdbe-cf402f7f93b0\/2329-RCINMU-Solicitud-de-Seguro.pdf?MOD=AJPERES&amp;ContentCache=NONE&amp;CACHE=NONE&amp;CVID=o7Pft5T\" target=\"_blank\" rel=\"noreferrer noopener\">Formulario Inmuebles<\/a><\/p>\n\n\n\n<p><\/p>\n\n\n\n<p><a href=\"https:\/\/www.bse.com.uy\/wps\/wcm\/connect\/17964e7c-39a2-41ec-912f-ff01919f06d5\/3225-Responsabilidad-Civil-Ascensores-Condiciones-Generales.pdf?MOD=AJPERES&amp;ContentCache=NONE&amp;CACHE=NONE&amp;CVID=nD3BJvQ\" target=\"_blank\" rel=\"noreferrer noopener\">Condiciones\u00a0Generales\u00a0de\u00a0la\u00a0P\u00f3liza\u00a0Ascensores<\/a><\/p>\n\n\n\n<p><\/p>\n\n\n\n<p><a href=\"https:\/\/www.bse.com.uy\/wps\/wcm\/connect\/23ce10f5-3bd3-4851-9946-31f5b9e0c7ad\/3331-Responsabilidad-Civil-Inmuebles-Condiciones-Generales.pdf?MOD=AJPERES&amp;ContentCache=NONE&amp;CACHE=NONE&amp;CVID=nD3Cfq2\" target=\"_blank\" rel=\"noreferrer noopener\">Condiciones&nbsp;Generales&nbsp;de&nbsp;la&nbsp;P\u00f3liza&nbsp;Inmuebles<\/a><\/p>\n<\/div><\/div><\/div>\n<\/div>\n\n\n\n<p><\/p>\n\n\n\n<div class=\"guten-element guten-accordions guten-RAdIlH\"><\/div>\n<\/div>\n\n\n\n<div class=\"ni4V3r tab-body-item\" data-id=\"ni4V3r\">\n<p><\/p>\n<\/div>\n\n\n\n<div class=\"Bwmnjx tab-body-item\" data-id=\"Bwmnjx\">\n<p><\/p>\n<\/div>\n\n\n\n<div class=\"tab-body-item\">\n<p><\/p>\n<\/div>\n<\/div><\/div>\n\n\n\n<p><\/p>\n","protected":false},"excerpt":{"rendered":"<p>Diferentes coberturas que te protegen por los perjuicios que puedas ocasionar a terceros, ya sea por tu responsabilidad personal o profesional. renglonn<\/p>\n","protected":false},"author":1,"featured_media":0,"parent":0,"menu_order":0,"comment_status":"closed","ping_status":"closed","template":"","meta":{"footnotes":""},"class_list":["post-159","page","type-page","status-publish","hentry"],"yoast_head":"<!-- This site is optimized with the Yoast SEO plugin v21.1 - https:\/\/yoast.com\/wordpress\/plugins\/seo\/ -->\n<title>Responsabilidad Civil - Miguel Silva - Seguros e Inmobiliaria<\/title>\n<meta name=\"robots\" content=\"index, follow, max-snippet:-1, max-image-preview:large, max-video-preview:-1\" \/>\n<link rel=\"canonical\" href=\"https:\/\/miguelsilvaseguros.com\/index.php\/responsabilidad-civil\/\" \/>\n<meta property=\"og:locale\" content=\"es_ES\" \/>\n<meta property=\"og:type\" content=\"article\" \/>\n<meta property=\"og:title\" content=\"Responsabilidad Civil - Miguel Silva - Seguros e Inmobiliaria\" \/>\n<meta property=\"og:description\" content=\"Diferentes coberturas que te protegen por los perjuicios que puedas ocasionar a terceros, ya sea por tu responsabilidad personal o profesional. renglonn\" \/>\n<meta property=\"og:url\" content=\"https:\/\/miguelsilvaseguros.com\/index.php\/responsabilidad-civil\/\" \/>\n<meta property=\"og:site_name\" content=\"Miguel Silva - Seguros e Inmobiliaria\" \/>\n<meta property=\"article:modified_time\" content=\"2023-07-07T02:07:34+00:00\" \/>\n<meta name=\"twitter:card\" content=\"summary_large_image\" \/>\n<meta name=\"twitter:label1\" content=\"Tiempo de lectura\" \/>\n\t<meta name=\"twitter:data1\" content=\"2 minutos\" \/>\n<script type=\"application\/ld+json\" class=\"yoast-schema-graph\">{\"@context\":\"https:\/\/schema.org\",\"@graph\":[{\"@type\":\"WebPage\",\"@id\":\"https:\/\/miguelsilvaseguros.com\/index.php\/responsabilidad-civil\/\",\"url\":\"https:\/\/miguelsilvaseguros.com\/index.php\/responsabilidad-civil\/\",\"name\":\"Responsabilidad Civil - Miguel Silva - Seguros e Inmobiliaria\",\"isPartOf\":{\"@id\":\"https:\/\/miguelsilvaseguros.com\/#website\"},\"datePublished\":\"2023-07-07T02:07:27+00:00\",\"dateModified\":\"2023-07-07T02:07:34+00:00\",\"breadcrumb\":{\"@id\":\"https:\/\/miguelsilvaseguros.com\/index.php\/responsabilidad-civil\/#breadcrumb\"},\"inLanguage\":\"es\",\"potentialAction\":[{\"@type\":\"ReadAction\",\"target\":[\"https:\/\/miguelsilvaseguros.com\/index.php\/responsabilidad-civil\/\"]}]},{\"@type\":\"BreadcrumbList\",\"@id\":\"https:\/\/miguelsilvaseguros.com\/index.php\/responsabilidad-civil\/#breadcrumb\",\"itemListElement\":[{\"@type\":\"ListItem\",\"position\":1,\"name\":\"Portada\",\"item\":\"https:\/\/miguelsilvaseguros.com\/\"},{\"@type\":\"ListItem\",\"position\":2,\"name\":\"Responsabilidad Civil\"}]},{\"@type\":\"WebSite\",\"@id\":\"https:\/\/miguelsilvaseguros.com\/#website\",\"url\":\"https:\/\/miguelsilvaseguros.com\/\",\"name\":\"Miguel Silva - Seguros e Inmobiliaria\",\"description\":\"Asesoramiento en la compra y venta de Propiedades y Seguros.\",\"potentialAction\":[{\"@type\":\"SearchAction\",\"target\":{\"@type\":\"EntryPoint\",\"urlTemplate\":\"https:\/\/miguelsilvaseguros.com\/?s={search_term_string}\"},\"query-input\":\"required name=search_term_string\"}],\"inLanguage\":\"es\"}]}<\/script>\n<!-- \/ Yoast SEO plugin. -->","yoast_head_json":{"title":"Responsabilidad Civil - Miguel Silva - Seguros e Inmobiliaria","robots":{"index":"index","follow":"follow","max-snippet":"max-snippet:-1","max-image-preview":"max-image-preview:large","max-video-preview":"max-video-preview:-1"},"canonical":"https:\/\/miguelsilvaseguros.com\/index.php\/responsabilidad-civil\/","og_locale":"es_ES","og_type":"article","og_title":"Responsabilidad Civil - Miguel Silva - Seguros e Inmobiliaria","og_description":"Diferentes coberturas que te protegen por los perjuicios que puedas ocasionar a terceros, ya sea por tu responsabilidad personal o profesional. renglonn","og_url":"https:\/\/miguelsilvaseguros.com\/index.php\/responsabilidad-civil\/","og_site_name":"Miguel Silva - Seguros e Inmobiliaria","article_modified_time":"2023-07-07T02:07:34+00:00","twitter_card":"summary_large_image","twitter_misc":{"Tiempo de lectura":"2 minutos"},"schema":{"@context":"https:\/\/schema.org","@graph":[{"@type":"WebPage","@id":"https:\/\/miguelsilvaseguros.com\/index.php\/responsabilidad-civil\/","url":"https:\/\/miguelsilvaseguros.com\/index.php\/responsabilidad-civil\/","name":"Responsabilidad Civil - Miguel Silva - Seguros e Inmobiliaria","isPartOf":{"@id":"https:\/\/miguelsilvaseguros.com\/#website"},"datePublished":"2023-07-07T02:07:27+00:00","dateModified":"2023-07-07T02:07:34+00:00","breadcrumb":{"@id":"https:\/\/miguelsilvaseguros.com\/index.php\/responsabilidad-civil\/#breadcrumb"},"inLanguage":"es","potentialAction":[{"@type":"ReadAction","target":["https:\/\/miguelsilvaseguros.com\/index.php\/responsabilidad-civil\/"]}]},{"@type":"BreadcrumbList","@id":"https:\/\/miguelsilvaseguros.com\/index.php\/responsabilidad-civil\/#breadcrumb","itemListElement":[{"@type":"ListItem","position":1,"name":"Portada","item":"https:\/\/miguelsilvaseguros.com\/"},{"@type":"ListItem","position":2,"name":"Responsabilidad Civil"}]},{"@type":"WebSite","@id":"https:\/\/miguelsilvaseguros.com\/#website","url":"https:\/\/miguelsilvaseguros.com\/","name":"Miguel Silva - Seguros e Inmobiliaria","description":"Asesoramiento en la compra y venta de Propiedades y Seguros.","potentialAction":[{"@type":"SearchAction","target":{"@type":"EntryPoint","urlTemplate":"https:\/\/miguelsilvaseguros.com\/?s={search_term_string}"},"query-input":"required name=search_term_string"}],"inLanguage":"es"}]}},"_links":{"self":[{"href":"https:\/\/miguelsilvaseguros.com\/index.php\/wp-json\/wp\/v2\/pages\/159","targetHints":{"allow":["GET"]}}],"collection":[{"href":"https:\/\/miguelsilvaseguros.com\/index.php\/wp-json\/wp\/v2\/pages"}],"about":[{"href":"https:\/\/miguelsilvaseguros.com\/index.php\/wp-json\/wp\/v2\/types\/page"}],"author":[{"embeddable":true,"href":"https:\/\/miguelsilvaseguros.com\/index.php\/wp-json\/wp\/v2\/users\/1"}],"replies":[{"embeddable":true,"href":"https:\/\/miguelsilvaseguros.com\/index.php\/wp-json\/wp\/v2\/comments?post=159"}],"version-history":[{"count":2,"href":"https:\/\/miguelsilvaseguros.com\/index.php\/wp-json\/wp\/v2\/pages\/159\/revisions"}],"predecessor-version":[{"id":162,"href":"https:\/\/miguelsilvaseguros.com\/index.php\/wp-json\/wp\/v2\/pages\/159\/revisions\/162"}],"wp:attachment":[{"href":"https:\/\/miguelsilvaseguros.com\/index.php\/wp-json\/wp\/v2\/media?parent=159"}],"curies":[{"name":"wp","href":"https:\/\/api.w.org\/{rel}","templated":true}]}}